{"id":9249,"date":"2023-10-18T12:52:35","date_gmt":"2023-10-18T12:52:35","guid":{"rendered":"https:\/\/www.perron-rigot.org\/non class\u00e9\/talc\/"},"modified":"2023-10-18T12:52:35","modified_gmt":"2023-10-18T12:52:35","slug":"talc","status":"publish","type":"product","link":"https:\/\/www.perron-rigot.org\/fr\/accessoires\/talc\/","title":{"rendered":"TALC"},"content":{"rendered":"","protected":false},"excerpt":{"rendered":"<h3>UTILISATION ESTH\u00c9TIQUE<\/h3>\n\t<div id=\"gap-214362136\" class=\"gap-element clearfix\" style=\"display:block; height:auto;\">\n\t\t\n<style>\n#gap-214362136 {\n  padding-top: 30px;\n}\n<\/style>\n\t<\/div>\n\t\n<h4><strong>Caract\u00e9ristiques et avantages<\/strong><\/h4>\n<ul>\n<li>A utiliser avant l&#8217;\u00e9pilation sur les zones transpirantes et tr\u00e8s sensibles, pour garantir une bonne adh\u00e9rence et une \u00e9pilation de qualit\u00e9.<\/li>\n<\/ul>\n\t<div id=\"gap-1470608891\" class=\"gap-element clearfix\" style=\"display:block; height:auto;\">\n\t\t\n<style>\n#gap-1470608891 {\n  padding-top: 30px;\n}\n<\/style>\n\t<\/div>","protected":false},"featured_media":8563,"template":"","meta":[],"product_cat":[106],"product_tag":[],"class_list":{"0":"post-9249","1":"product","2":"type-product","3":"status-publish","4":"has-post-thumbnail","6":"product_cat-accessoires","8":"first","9":"instock","10":"shipping-taxable","11":"product-type-variable","12":"has-default-attributes"},"jetpack_sharing_enabled":true,"_links":{"self":[{"href":"https:\/\/www.perron-rigot.org\/fr\/wp-json\/wp\/v2\/product\/9249"}],"collection":[{"href":"https:\/\/www.perron-rigot.org\/fr\/wp-json\/wp\/v2\/product"}],"about":[{"href":"https:\/\/www.perron-rigot.org\/fr\/wp-json\/wp\/v2\/types\/product"}],"wp:featuredmedia":[{"embeddable":true,"href":"https:\/\/www.perron-rigot.org\/fr\/wp-json\/wp\/v2\/media\/8563"}],"wp:attachment":[{"href":"https:\/\/www.perron-rigot.org\/fr\/wp-json\/wp\/v2\/media?parent=9249"}],"wp:term":[{"taxonomy":"product_cat","embeddable":true,"href":"https:\/\/www.perron-rigot.org\/fr\/wp-json\/wp\/v2\/product_cat?post=9249"},{"taxonomy":"product_tag","embeddable":true,"href":"https:\/\/www.perron-rigot.org\/fr\/wp-json\/wp\/v2\/product_tag?post=9249"}],"curies":[{"name":"wp","href":"https:\/\/api.w.org\/{rel}","templated":true}]}}