{"id":9247,"date":"2023-10-18T14:15:34","date_gmt":"2023-10-18T14:15:34","guid":{"rendered":"https:\/\/www.perron-rigot.org\/non%20class\u00e9\/colliers-de-protection\/"},"modified":"2024-10-03T10:22:04","modified_gmt":"2024-10-03T10:22:04","slug":"colliers-de-protection","status":"publish","type":"product","link":"https:\/\/www.perron-rigot.org\/fr\/accessoires\/colliers-de-protection\/","title":{"rendered":"COLLERETTES DE PROPRET\u00c9"},"content":{"rendered":"","protected":false},"excerpt":{"rendered":"<div id=\"gap-1795281110\" class=\"gap-element clearfix\" style=\"display:block; height:auto;\">\n\t\t\n<style>\n#gap-1795281110 {\n  padding-top: 30px;\n}\n<\/style>\n\t<\/div>\n\t\n<h4><strong>Caract\u00e9ristiques et avantages<\/strong><\/h4>\n<ul>\n<li>Prot\u00e8ge le chauffe-cire en emp\u00eachant la cire de s&#8217;infiltrer entre la bo\u00eete et l&#8217;appareil.<\/li>\n<li>Usage unique<\/li>\n<\/ul>\n\t<div id=\"gap-1367219893\" class=\"gap-element clearfix\" style=\"display:block; height:auto;\">\n\t\t\n<style>\n#gap-1367219893 {\n  padding-top: 30px;\n}\n<\/style>\n\t<\/div>","protected":false},"featured_media":8564,"template":"","meta":[],"product_cat":[106],"product_tag":[],"class_list":{"0":"post-9247","1":"product","2":"type-product","3":"status-publish","4":"has-post-thumbnail","6":"product_cat-accessoires","8":"first","9":"instock","10":"shipping-taxable","11":"product-type-variable","12":"has-default-attributes"},"jetpack_sharing_enabled":true,"_links":{"self":[{"href":"https:\/\/www.perron-rigot.org\/fr\/wp-json\/wp\/v2\/product\/9247"}],"collection":[{"href":"https:\/\/www.perron-rigot.org\/fr\/wp-json\/wp\/v2\/product"}],"about":[{"href":"https:\/\/www.perron-rigot.org\/fr\/wp-json\/wp\/v2\/types\/product"}],"wp:featuredmedia":[{"embeddable":true,"href":"https:\/\/www.perron-rigot.org\/fr\/wp-json\/wp\/v2\/media\/8564"}],"wp:attachment":[{"href":"https:\/\/www.perron-rigot.org\/fr\/wp-json\/wp\/v2\/media?parent=9247"}],"wp:term":[{"taxonomy":"product_cat","embeddable":true,"href":"https:\/\/www.perron-rigot.org\/fr\/wp-json\/wp\/v2\/product_cat?post=9247"},{"taxonomy":"product_tag","embeddable":true,"href":"https:\/\/www.perron-rigot.org\/fr\/wp-json\/wp\/v2\/product_tag?post=9247"}],"curies":[{"name":"wp","href":"https:\/\/api.w.org\/{rel}","templated":true}]}}