{"id":8984,"date":"2023-10-18T12:03:35","date_gmt":"2023-10-18T12:03:35","guid":{"rendered":"https:\/\/www.perron-rigot.org\/non%20class\u00e9\/cartouche-chauffante-numerique\/"},"modified":"2024-10-03T10:22:04","modified_gmt":"2024-10-03T10:22:04","slug":"cartouche-chauffante-numerique","status":"publish","type":"product","link":"https:\/\/www.perron-rigot.org\/fr\/chauffe-cires\/cartouche-chauffante-numerique\/","title":{"rendered":"CARTOUCHE CHAUFFANTE NUM\u00c9RIQUE"},"content":{"rendered":"","protected":false},"excerpt":{"rendered":"<h3>CHAUFFE CIRE<\/h3>\n\t<div id=\"gap-410463831\" class=\"gap-element clearfix\" style=\"display:block; height:auto;\">\n\t\t\n<style>\n#gap-410463831 {\n  padding-top: 30px;\n}\n<\/style>\n\t<\/div>\n\t\n<h4><strong>Caract\u00e9ristiques et avantages<\/strong><\/h4>\n<ul>\n<li>Thermostat r\u00e9glable de 65 \u00e0 105\u00b0C avec affichage digital<\/li>\n<li>Peut \u00eatre utilis\u00e9 seul ou jusqu&#8217;\u00e0 4 modules<\/li>\n<li>Puissance 40W<\/li>\n<li>Normes CE<\/li>\n<\/ul>\n<h4><strong>Dimension<\/strong><\/h4>\n<ul>\n<li>24 x 13 cm<\/li>\n<li>Convient aux cartouches de 100 g<\/li>\n<\/ul>\n\t<div id=\"gap-1490148100\" class=\"gap-element clearfix\" style=\"display:block; height:auto;\">\n\t\t\n<style>\n#gap-1490148100 {\n  padding-top: 30px;\n}\n<\/style>\n\t<\/div>","protected":false},"featured_media":8560,"template":"","meta":[],"product_cat":[117],"product_tag":[],"class_list":{"0":"post-8984","1":"product","2":"type-product","3":"status-publish","4":"has-post-thumbnail","6":"product_cat-chauffe-cires","8":"first","9":"instock","10":"shipping-taxable","11":"product-type-variable","12":"has-default-attributes"},"jetpack_sharing_enabled":true,"_links":{"self":[{"href":"https:\/\/www.perron-rigot.org\/fr\/wp-json\/wp\/v2\/product\/8984"}],"collection":[{"href":"https:\/\/www.perron-rigot.org\/fr\/wp-json\/wp\/v2\/product"}],"about":[{"href":"https:\/\/www.perron-rigot.org\/fr\/wp-json\/wp\/v2\/types\/product"}],"wp:featuredmedia":[{"embeddable":true,"href":"https:\/\/www.perron-rigot.org\/fr\/wp-json\/wp\/v2\/media\/8560"}],"wp:attachment":[{"href":"https:\/\/www.perron-rigot.org\/fr\/wp-json\/wp\/v2\/media?parent=8984"}],"wp:term":[{"taxonomy":"product_cat","embeddable":true,"href":"https:\/\/www.perron-rigot.org\/fr\/wp-json\/wp\/v2\/product_cat?post=8984"},{"taxonomy":"product_tag","embeddable":true,"href":"https:\/\/www.perron-rigot.org\/fr\/wp-json\/wp\/v2\/product_tag?post=8984"}],"curies":[{"name":"wp","href":"https:\/\/api.w.org\/{rel}","templated":true}]}}