{"id":8980,"date":"2023-10-10T14:51:52","date_gmt":"2023-10-10T14:51:52","guid":{"rendered":"https:\/\/www.perron-rigot.org\/non%20class\u00e9\/lotion-bleue-purifiante\/"},"modified":"2024-10-03T10:22:12","modified_gmt":"2024-10-03T10:22:12","slug":"lotion-bleue-assainissante","status":"publish","type":"product","link":"https:\/\/www.perron-rigot.org\/fr\/produits-intimes-vajacial\/lotion-bleue-assainissante\/","title":{"rendered":"LOTION BLEUE ASSAINISSANTE"},"content":{"rendered":"","protected":false},"excerpt":{"rendered":"<h3>PR\u00c9 ET POST \u00c9PILATION<\/h3>\n<div>Pr\u00e9parer et nettoyer la peau<\/div>\n\t<div id=\"gap-2140008321\" class=\"gap-element clearfix\" style=\"display:block; height:auto;\">\n\t\t\n<style>\n#gap-2140008321 {\n  padding-top: 30px;\n}\n<\/style>\n\t<\/div>\n\t\n<h2>Caract\u00e9ristiques et avantages<\/h2>\n<ul>\n<li>Nettoie et pr\u00e9pare \u00e0 l&#8217;\u00e9pilation<\/li>\n<li>Purifie et apaise apr\u00e8s l&#8217;\u00e9pilation<\/li>\n<li>97% d&#8217;ingr\u00e9dients d&#8217;origine naturelle<\/li>\n<li>Formule Vegan<\/li>\n<li>Au &#8220;sang de dragon&#8221; connu pour son pouvoir assainissant<\/li>\n<li>Rafra\u00eechissant gr\u00e2ce au menthol<\/li>\n<li>Faible teneur en alcool<\/li>\n<li>Fabriqu\u00e9 en France<\/li>\n<\/ul>\n<h2>Zones d&#8217;\u00e9pilation \u00e0 la cire<\/h2>\n<div>Id\u00e9al pour toutes les zones, visage et corps<\/div>\n<div>Tous types de peau<\/div>\n<p>&nbsp;<\/p>\n<h2>Texture, couleur, parfum<\/h2>\n<ul>\n<li>Lotion aqueuse<\/li>\n<\/ul>\n\t<div id=\"gap-1958579730\" class=\"gap-element clearfix\" style=\"display:block; height:auto;\">\n\t\t\n<style>\n#gap-1958579730 {\n  padding-top: 30px;\n}\n<\/style>\n\t<\/div>","protected":false},"featured_media":8492,"template":"","meta":[],"product_cat":[102,101,110,116],"product_tag":[],"class_list":{"0":"post-8980","1":"product","2":"type-product","3":"status-publish","4":"has-post-thumbnail","6":"product_cat-cirepil-fr","7":"product_cat-produits-intimes-vajacial","8":"product_cat-avant-et-apres-lepilation-a-la-cire","9":"product_cat-cire-vegan","11":"first","12":"instock","13":"shipping-taxable","14":"product-type-variable","15":"has-default-attributes"},"jetpack_sharing_enabled":true,"_links":{"self":[{"href":"https:\/\/www.perron-rigot.org\/fr\/wp-json\/wp\/v2\/product\/8980"}],"collection":[{"href":"https:\/\/www.perron-rigot.org\/fr\/wp-json\/wp\/v2\/product"}],"about":[{"href":"https:\/\/www.perron-rigot.org\/fr\/wp-json\/wp\/v2\/types\/product"}],"wp:featuredmedia":[{"embeddable":true,"href":"https:\/\/www.perron-rigot.org\/fr\/wp-json\/wp\/v2\/media\/8492"}],"wp:attachment":[{"href":"https:\/\/www.perron-rigot.org\/fr\/wp-json\/wp\/v2\/media?parent=8980"}],"wp:term":[{"taxonomy":"product_cat","embeddable":true,"href":"https:\/\/www.perron-rigot.org\/fr\/wp-json\/wp\/v2\/product_cat?post=8980"},{"taxonomy":"product_tag","embeddable":true,"href":"https:\/\/www.perron-rigot.org\/fr\/wp-json\/wp\/v2\/product_tag?post=8980"}],"curies":[{"name":"wp","href":"https:\/\/api.w.org\/{rel}","templated":true}]}}