{"id":8975,"date":"2023-10-10T15:41:44","date_gmt":"2023-10-10T15:41:44","guid":{"rendered":"https:\/\/www.perron-rigot.org\/non%20class\u00e9\/huile-parfumee-au-jasmin\/"},"modified":"2024-10-03T10:22:11","modified_gmt":"2024-10-03T10:22:11","slug":"huile-pre-et-post-epilation","status":"publish","type":"product","link":"https:\/\/www.perron-rigot.org\/fr\/cirepil-fr\/huile-pre-et-post-epilation\/","title":{"rendered":"HUILE PR\u00c9 ET POST \u00c9PILATION"},"content":{"rendered":"","protected":false},"excerpt":{"rendered":"<h3>PR\u00c9 ET POST \u00c9PILATION<\/h3>\n<div>Pr\u00e9parer la peau avant et l&#8217;hydrater apr\u00e8s l&#8217;\u00e9pilation<\/div>\n\t<div id=\"gap-21235167\" class=\"gap-element clearfix\" style=\"display:block; height:auto;\">\n\t\t\n<style>\n#gap-21235167 {\n  padding-top: 30px;\n}\n<\/style>\n\t<\/div>\n\t\n<h4><strong>Caract\u00e9ristiques et avantages<\/strong><\/h4>\n<ul>\n<li>Hydratation en profondeur<\/li>\n<li>Laisse la peau douce et confortable<\/li>\n<li>Apaise et \u00e9limine les r\u00e9sidus de cire apr\u00e8s l&#8217;\u00e9pilation<\/li>\n<li>Avec de l&#8217;huile de coton<\/li>\n<li>Formule Vegan<\/li>\n<li>Id\u00e9al pour le massage<\/li>\n<li>Fabriqu\u00e9 en France<\/li>\n<\/ul>\n<h4><strong>Zones<\/strong><\/h4>\n<div>Visage et corps<\/div>\n<p>&nbsp;<\/p>\n<h4><strong>Texture, couleur, parfum<\/strong><\/h4>\n<ul>\n<li>Texture de l&#8217;huile<\/li>\n<li>Senteur Jasmin<\/li>\n<\/ul>\n\t<div id=\"gap-1105706579\" class=\"gap-element clearfix\" style=\"display:block; height:auto;\">\n\t\t\n<style>\n#gap-1105706579 {\n  padding-top: 30px;\n}\n<\/style>\n\t<\/div>","protected":false},"featured_media":8495,"template":"","meta":[],"product_cat":[102,110,116],"product_tag":[],"class_list":{"0":"post-8975","1":"product","2":"type-product","3":"status-publish","4":"has-post-thumbnail","6":"product_cat-cirepil-fr","7":"product_cat-avant-et-apres-lepilation-a-la-cire","8":"product_cat-cire-vegan","10":"first","11":"instock","12":"shipping-taxable","13":"product-type-variable","14":"has-default-attributes"},"jetpack_sharing_enabled":true,"_links":{"self":[{"href":"https:\/\/www.perron-rigot.org\/fr\/wp-json\/wp\/v2\/product\/8975"}],"collection":[{"href":"https:\/\/www.perron-rigot.org\/fr\/wp-json\/wp\/v2\/product"}],"about":[{"href":"https:\/\/www.perron-rigot.org\/fr\/wp-json\/wp\/v2\/types\/product"}],"wp:featuredmedia":[{"embeddable":true,"href":"https:\/\/www.perron-rigot.org\/fr\/wp-json\/wp\/v2\/media\/8495"}],"wp:attachment":[{"href":"https:\/\/www.perron-rigot.org\/fr\/wp-json\/wp\/v2\/media?parent=8975"}],"wp:term":[{"taxonomy":"product_cat","embeddable":true,"href":"https:\/\/www.perron-rigot.org\/fr\/wp-json\/wp\/v2\/product_cat?post=8975"},{"taxonomy":"product_tag","embeddable":true,"href":"https:\/\/www.perron-rigot.org\/fr\/wp-json\/wp\/v2\/product_tag?post=8975"}],"curies":[{"name":"wp","href":"https:\/\/api.w.org\/{rel}","templated":true}]}}