{"id":8964,"date":"2023-10-11T11:07:53","date_gmt":"2023-10-11T11:07:53","guid":{"rendered":"https:\/\/www.perron-rigot.org\/non%20class\u00e9\/soin-des-poils-incarnes\/"},"modified":"2024-10-03T10:22:11","modified_gmt":"2024-10-03T10:22:11","slug":"soin-special-poils-incarnes","status":"publish","type":"product","link":"https:\/\/www.perron-rigot.org\/fr\/cirepil-fr\/soin-special-poils-incarnes\/","title":{"rendered":"SOIN SP\u00c9CIAL POILS INCARN\u00c9S"},"content":{"rendered":"","protected":false},"excerpt":{"rendered":"<h3>PR\u00c9 ET POST \u00c9PILATION<\/h3>\n<div>Un concentr\u00e9 d&#8217;actifs pour exfolier et apaiser<\/div>\n\t<div id=\"gap-1979906368\" class=\"gap-element clearfix\" style=\"display:block; height:auto;\">\n\t\t\n<style>\n#gap-1979906368 {\n  padding-top: 30px;\n}\n<\/style>\n\t<\/div>\n\t\n<h4><strong>Caract\u00e9ristiques et avantages<\/strong><\/h4>\n<ul>\n<li>Purifie la peau, \u00e9limine les cellules mortes et aide les cheveux \u00e0 traverser la peau.<\/li>\n<li>91% d&#8217;ingr\u00e9dients d&#8217;origine naturelle<\/li>\n<li>Principes actifs : Extrait de papaye et de badiane<\/li>\n<li>Formule Vegan<\/li>\n<li>93% des personnes interrog\u00e9es ont constat\u00e9 une diminution des poils incarn\u00e9s*.<\/li>\n<li>Fabriqu\u00e9 en France<\/li>\n<\/ul>\n<p><em>*Auto-\u00e9valuation par 31 femmes (15 qui se rasent, 16 qui utilisent de la cire) &#8211; Test r\u00e9alis\u00e9 par un laboratoire ind\u00e9pendant<\/em><\/p>\n<h4><strong>Zones<\/strong><\/h4>\n<div>Visage et zones du corps, Tous types de peau<\/div>\n<p>&nbsp;<\/p>\n<h4><strong>Texture, couleur, parfum<\/strong><\/h4>\n<ul>\n<li>Texture gel l\u00e9g\u00e8re<\/li>\n<li>Formule fra\u00eeche<\/li>\n<\/ul>\n\t<div id=\"gap-624851038\" class=\"gap-element clearfix\" style=\"display:block; height:auto;\">\n\t\t\n<style>\n#gap-624851038 {\n  padding-top: 30px;\n}\n<\/style>\n\t<\/div>","protected":false},"featured_media":8508,"template":"","meta":[],"product_cat":[102,110,116],"product_tag":[],"class_list":{"0":"post-8964","1":"product","2":"type-product","3":"status-publish","4":"has-post-thumbnail","6":"product_cat-cirepil-fr","7":"product_cat-avant-et-apres-lepilation-a-la-cire","8":"product_cat-cire-vegan","10":"first","11":"instock","12":"shipping-taxable","13":"product-type-variable","14":"has-default-attributes"},"jetpack_sharing_enabled":true,"_links":{"self":[{"href":"https:\/\/www.perron-rigot.org\/fr\/wp-json\/wp\/v2\/product\/8964"}],"collection":[{"href":"https:\/\/www.perron-rigot.org\/fr\/wp-json\/wp\/v2\/product"}],"about":[{"href":"https:\/\/www.perron-rigot.org\/fr\/wp-json\/wp\/v2\/types\/product"}],"wp:featuredmedia":[{"embeddable":true,"href":"https:\/\/www.perron-rigot.org\/fr\/wp-json\/wp\/v2\/media\/8508"}],"wp:attachment":[{"href":"https:\/\/www.perron-rigot.org\/fr\/wp-json\/wp\/v2\/media?parent=8964"}],"wp:term":[{"taxonomy":"product_cat","embeddable":true,"href":"https:\/\/www.perron-rigot.org\/fr\/wp-json\/wp\/v2\/product_cat?post=8964"},{"taxonomy":"product_tag","embeddable":true,"href":"https:\/\/www.perron-rigot.org\/fr\/wp-json\/wp\/v2\/product_tag?post=8964"}],"curies":[{"name":"wp","href":"https:\/\/api.w.org\/{rel}","templated":true}]}}