{"id":8962,"date":"2023-10-11T12:07:26","date_gmt":"2023-10-11T12:07:26","guid":{"rendered":"https:\/\/www.perron-rigot.org\/non%20class\u00e9\/double-gommage-special-poils-incarnes\/"},"modified":"2024-10-03T10:22:10","modified_gmt":"2024-10-03T10:22:10","slug":"double-gommage-special-poils-incarnes","status":"publish","type":"product","link":"https:\/\/www.perron-rigot.org\/fr\/cirepil-fr\/double-gommage-special-poils-incarnes\/","title":{"rendered":"DOUBLE GOMMAGE SP\u00c9CIAL POILS INCARN\u00c9S"},"content":{"rendered":"","protected":false},"excerpt":{"rendered":"<h3>PR\u00c9 ET POST \u00c9PILATION<\/h3>\n<div>Double Gommage sp\u00e9cial poils incarn\u00e9s<\/div>\n\t<div id=\"gap-25755557\" class=\"gap-element clearfix\" style=\"display:block; height:auto;\">\n\t\t\n<style>\n#gap-25755557 {\n  padding-top: 30px;\n}\n<\/style>\n\t<\/div>\n\t\n<h4><strong>Caract\u00e9ristiques et avantages<\/strong><\/h4>\n<ul>\n<li>Double exfoliation : exfoliation m\u00e9canique avec des microbilles de silice et exfoliation chimique avec des AHA<\/li>\n<li>79% d&#8217;ingr\u00e9dients d&#8217;origine naturelle<\/li>\n<li>Ingr\u00e9dients actifs : huiles essentielles de citron et de lavande<\/li>\n<li>Formule Vegan<\/li>\n<li>Pr\u00e9vient l&#8217;apparition de poils incarn\u00e9s<\/li>\n<li>\u00c9limine les cellules mortes<\/li>\n<li>Fabriqu\u00e9 en France<\/li>\n<\/ul>\n<h4><strong>Zones<\/strong><\/h4>\n<div>Zones du corps<\/div>\n<div>Tous types de peau<\/div>\n<p>&nbsp;<\/p>\n<h4><strong>Texture, couleur, parfum<\/strong><\/h4>\n<ul>\n<li>Texture cr\u00e9meuse<\/li>\n<\/ul>\n\t<div id=\"gap-1007301854\" class=\"gap-element clearfix\" style=\"display:block; height:auto;\">\n\t\t\n<style>\n#gap-1007301854 {\n  padding-top: 30px;\n}\n<\/style>\n\t<\/div>","protected":false},"featured_media":8512,"template":"","meta":[],"product_cat":[102,110,116],"product_tag":[],"class_list":{"0":"post-8962","1":"product","2":"type-product","3":"status-publish","4":"has-post-thumbnail","6":"product_cat-cirepil-fr","7":"product_cat-avant-et-apres-lepilation-a-la-cire","8":"product_cat-cire-vegan","10":"first","11":"instock","12":"shipping-taxable","13":"product-type-variable","14":"has-default-attributes"},"jetpack_sharing_enabled":true,"_links":{"self":[{"href":"https:\/\/www.perron-rigot.org\/fr\/wp-json\/wp\/v2\/product\/8962"}],"collection":[{"href":"https:\/\/www.perron-rigot.org\/fr\/wp-json\/wp\/v2\/product"}],"about":[{"href":"https:\/\/www.perron-rigot.org\/fr\/wp-json\/wp\/v2\/types\/product"}],"wp:featuredmedia":[{"embeddable":true,"href":"https:\/\/www.perron-rigot.org\/fr\/wp-json\/wp\/v2\/media\/8512"}],"wp:attachment":[{"href":"https:\/\/www.perron-rigot.org\/fr\/wp-json\/wp\/v2\/media?parent=8962"}],"wp:term":[{"taxonomy":"product_cat","embeddable":true,"href":"https:\/\/www.perron-rigot.org\/fr\/wp-json\/wp\/v2\/product_cat?post=8962"},{"taxonomy":"product_tag","embeddable":true,"href":"https:\/\/www.perron-rigot.org\/fr\/wp-json\/wp\/v2\/product_tag?post=8962"}],"curies":[{"name":"wp","href":"https:\/\/api.w.org\/{rel}","templated":true}]}}