{"id":8956,"date":"2023-10-12T10:22:25","date_gmt":"2023-10-12T10:22:25","guid":{"rendered":"https:\/\/www.perron-rigot.org\/non%20class\u00e9\/mousse-crepitante-hydratante\/"},"modified":"2024-10-03T10:22:10","modified_gmt":"2024-10-03T10:22:10","slug":"mousse-hydra-crepitante","status":"publish","type":"product","link":"https:\/\/www.perron-rigot.org\/fr\/cirepil-fr\/mousse-hydra-crepitante\/","title":{"rendered":"MOUSSE HYDRA CR\u00c9PITANTE"},"content":{"rendered":"","protected":false},"excerpt":{"rendered":"<h3>PR\u00c9 ET POST \u00c9PILATION<\/h3>\n<div>Pour des poils plus fins, moins denses et moins visibles entre 2 s\u00e9ances d&#8217;\u00e9pilation<\/div>\n\t<div id=\"gap-1435385653\" class=\"gap-element clearfix\" style=\"display:block; height:auto;\">\n\t\t\n<style>\n#gap-1435385653 {\n  padding-top: 30px;\n}\n<\/style>\n\t<\/div>\n\t\n<h4><strong>Caract\u00e9ristiques et avantages<\/strong><\/h4>\n<ul>\n<li>Extrait de feuille de gymn\u00e9ma : ralentit la croissance des cheveux<\/li>\n<li>Formule Vegan<\/li>\n<li>Sensation de fra\u00eecheur et de l\u00e9g\u00e8ret\u00e9 : id\u00e9al pour les jambes fatigu\u00e9es<\/li>\n<li>88% des volontaires ont observ\u00e9 une diminution du nombre de poils*.<\/li>\n<li>92% des volontaires d\u00e9clarent que leur peau para\u00eet plus hydrat\u00e9e*.<\/li>\n<li>92% des volontaires trouvent que le produit apaise les irritations apr\u00e8s l&#8217;\u00e9pilation*.<\/li>\n<li>96% des volontaires d\u00e9clarent que leurs cheveux sont visiblement plus fins*.<\/li>\n<li>Fabriqu\u00e9 en France<\/li>\n<\/ul>\n<h4><em>*Auto-\u00e9valuation de 24 femmes &#8211; Test effectu\u00e9 par un laboratoire externe<\/em><\/h4>\n<h4><strong>Zones<\/strong><\/h4>\n<ul>\n<li>Zones \u00e9pil\u00e9es, tous types de peau<\/li>\n<\/ul>\n<p>&nbsp;<\/p>\n<h4><strong>Texture, couleur, parfum<\/strong><\/h4>\n<ul>\n<li>Texture ultra-sensorielle fondante et cr\u00e9pitante<\/li>\n<\/ul>\n\t<div id=\"gap-818331010\" class=\"gap-element clearfix\" style=\"display:block; height:auto;\">\n\t\t\n<style>\n#gap-818331010 {\n  padding-top: 30px;\n}\n<\/style>\n\t<\/div>","protected":false},"featured_media":8518,"template":"","meta":[],"product_cat":[102,110,116],"product_tag":[],"class_list":{"0":"post-8956","1":"product","2":"type-product","3":"status-publish","4":"has-post-thumbnail","6":"product_cat-cirepil-fr","7":"product_cat-avant-et-apres-lepilation-a-la-cire","8":"product_cat-cire-vegan","10":"first","11":"instock","12":"shipping-taxable","13":"product-type-variable","14":"has-default-attributes"},"jetpack_sharing_enabled":true,"_links":{"self":[{"href":"https:\/\/www.perron-rigot.org\/fr\/wp-json\/wp\/v2\/product\/8956"}],"collection":[{"href":"https:\/\/www.perron-rigot.org\/fr\/wp-json\/wp\/v2\/product"}],"about":[{"href":"https:\/\/www.perron-rigot.org\/fr\/wp-json\/wp\/v2\/types\/product"}],"wp:featuredmedia":[{"embeddable":true,"href":"https:\/\/www.perron-rigot.org\/fr\/wp-json\/wp\/v2\/media\/8518"}],"wp:attachment":[{"href":"https:\/\/www.perron-rigot.org\/fr\/wp-json\/wp\/v2\/media?parent=8956"}],"wp:term":[{"taxonomy":"product_cat","embeddable":true,"href":"https:\/\/www.perron-rigot.org\/fr\/wp-json\/wp\/v2\/product_cat?post=8956"},{"taxonomy":"product_tag","embeddable":true,"href":"https:\/\/www.perron-rigot.org\/fr\/wp-json\/wp\/v2\/product_tag?post=8956"}],"curies":[{"name":"wp","href":"https:\/\/api.w.org\/{rel}","templated":true}]}}