{"id":8953,"date":"2023-10-12T11:27:55","date_gmt":"2023-10-12T11:27:55","guid":{"rendered":"https:\/\/www.perron-rigot.org\/non%20class\u00e9\/24h-de-fraicheur-deodorant-minimisant-les-poils\/"},"modified":"2024-10-03T10:22:10","modified_gmt":"2024-10-03T10:22:10","slug":"deodorant-fraicheur-24h","status":"publish","type":"product","link":"https:\/\/www.perron-rigot.org\/fr\/cirepil-fr\/deodorant-fraicheur-24h\/","title":{"rendered":"D\u00c9ODORANT FRAICHEUR 24H"},"content":{"rendered":"","protected":false},"excerpt":{"rendered":"<h3>PR\u00c9 ET POST \u00c9PILATION<\/h3>\n<div>Pour des poils plus fins, moins denses et une fra\u00eecheur pendant 24H<\/div>\n<div><span style=\"color: #555555\">\t<div id=\"gap-1497187437\" class=\"gap-element clearfix\" style=\"display:block; height:auto;\">\n\t\t\n<style>\n#gap-1497187437 {\n  padding-top: 30px;\n}\n<\/style>\n\t<\/div>\n\t<\/span><\/div>\n<h4><strong>Caract\u00e9ristiques et avantages<\/strong><\/h4>\n<ul>\n<li>96% d&#8217;ingr\u00e9dients d&#8217;origine naturelle<\/li>\n<li>Extrait de feuille de gymn\u00e9ma : ralentit la croissance des cheveux<\/li>\n<li>Formule Vegan<\/li>\n<li>76 % des personnes interrog\u00e9es ont constat\u00e9 une diminution de la repousse*.<\/li>\n<li>Sensation de fra\u00eecheur pendant 24 heures<\/li>\n<li>S\u00e9chage rapide<\/li>\n<li>Ne laisse pas de traces sur les v\u00eatements<\/li>\n<li>Fabriqu\u00e9 en France<\/li>\n<\/ul>\n<p><em>* Auto-\u00e9valuation par 25 femmes &#8211; Test effectu\u00e9 par un laboratoire ind\u00e9pendant<\/em><\/p>\n<h4><strong>Zones<\/strong><\/h4>\n<ul>\n<li>Aisselles<\/li>\n<\/ul>\n<p>&nbsp;<\/p>\n<h4><strong>Texture, couleur, parfum<\/strong><\/h4>\n<ul>\n<li>Texture lisse<\/li>\n<li>Senteur Fleur de Th\u00e9<\/li>\n<\/ul>\n\t<div id=\"gap-933219387\" class=\"gap-element clearfix\" style=\"display:block; height:auto;\">\n\t\t\n<style>\n#gap-933219387 {\n  padding-top: 30px;\n}\n<\/style>\n\t<\/div>","protected":false},"featured_media":8519,"template":"","meta":[],"product_cat":[102,110,116],"product_tag":[],"class_list":{"0":"post-8953","1":"product","2":"type-product","3":"status-publish","4":"has-post-thumbnail","6":"product_cat-cirepil-fr","7":"product_cat-avant-et-apres-lepilation-a-la-cire","8":"product_cat-cire-vegan","10":"first","11":"instock","12":"shipping-taxable","13":"product-type-variable","14":"has-default-attributes"},"jetpack_sharing_enabled":true,"_links":{"self":[{"href":"https:\/\/www.perron-rigot.org\/fr\/wp-json\/wp\/v2\/product\/8953"}],"collection":[{"href":"https:\/\/www.perron-rigot.org\/fr\/wp-json\/wp\/v2\/product"}],"about":[{"href":"https:\/\/www.perron-rigot.org\/fr\/wp-json\/wp\/v2\/types\/product"}],"wp:featuredmedia":[{"embeddable":true,"href":"https:\/\/www.perron-rigot.org\/fr\/wp-json\/wp\/v2\/media\/8519"}],"wp:attachment":[{"href":"https:\/\/www.perron-rigot.org\/fr\/wp-json\/wp\/v2\/media?parent=8953"}],"wp:term":[{"taxonomy":"product_cat","embeddable":true,"href":"https:\/\/www.perron-rigot.org\/fr\/wp-json\/wp\/v2\/product_cat?post=8953"},{"taxonomy":"product_tag","embeddable":true,"href":"https:\/\/www.perron-rigot.org\/fr\/wp-json\/wp\/v2\/product_tag?post=8953"}],"curies":[{"name":"wp","href":"https:\/\/api.w.org\/{rel}","templated":true}]}}