{"id":8950,"date":"2023-10-12T13:34:29","date_gmt":"2023-10-12T13:34:29","guid":{"rendered":"https:\/\/www.perron-rigot.org\/non%20class\u00e9\/lotion-corporelle-anti-poils\/"},"modified":"2024-10-03T10:22:09","modified_gmt":"2024-10-03T10:22:09","slug":"lait-ralentisseur-de-repousse","status":"publish","type":"product","link":"https:\/\/www.perron-rigot.org\/fr\/cirepil-fr\/lait-ralentisseur-de-repousse\/","title":{"rendered":"LAIT RALENTISSEUR DE REPOUSSE"},"content":{"rendered":"","protected":false},"excerpt":{"rendered":"<h3>PR\u00c9 ET POST \u00c9PILATION<\/h3>\n<div>Pour des poils plus fins, moins denses et moins visibles entre 2 s\u00e9ances d&#8217;\u00e9pilation<\/div>\n\t<div id=\"gap-139663085\" class=\"gap-element clearfix\" style=\"display:block; height:auto;\">\n\t\t\n<style>\n#gap-139663085 {\n  padding-top: 30px;\n}\n<\/style>\n\t<\/div>\n\t\n<h4><strong>Caract\u00e9ristiques et avantages<\/strong><\/h4>\n<ul>\n<li>92% d&#8217;ingr\u00e9dients d&#8217;origine naturelle<\/li>\n<li>Complexe de v\u00e9g\u00e9taux: Hamam\u00e9lis, Arnica, Menthe<\/li>\n<li>Des cheveux et une peau plus doux<\/li>\n<li>Des cheveux plus fins, moins denses et moins visibles<\/li>\n<li>Une repousse plus lente<\/li>\n<li>Fabriqu\u00e9 en France<\/li>\n<\/ul>\n<h4><strong>Zones<\/strong><\/h4>\n<div>Zones \u00e9tendues<br \/>\nTous types de peau<\/div>\n<p>&nbsp;<\/p>\n<h4><strong>Texture, couleur, parfum<\/strong><\/h4>\n<ul>\n<li>Texture fondante<\/li>\n<li>Senteur Jasmin<\/li>\n<\/ul>\n\t<div id=\"gap-253301363\" class=\"gap-element clearfix\" style=\"display:block; height:auto;\">\n\t\t\n<style>\n#gap-253301363 {\n  padding-top: 30px;\n}\n<\/style>\n\t<\/div>","protected":false},"featured_media":8521,"template":"","meta":[],"product_cat":[102,110,116],"product_tag":[],"class_list":{"0":"post-8950","1":"product","2":"type-product","3":"status-publish","4":"has-post-thumbnail","6":"product_cat-cirepil-fr","7":"product_cat-avant-et-apres-lepilation-a-la-cire","8":"product_cat-cire-vegan","10":"first","11":"instock","12":"shipping-taxable","13":"product-type-variable","14":"has-default-attributes"},"jetpack_sharing_enabled":true,"_links":{"self":[{"href":"https:\/\/www.perron-rigot.org\/fr\/wp-json\/wp\/v2\/product\/8950"}],"collection":[{"href":"https:\/\/www.perron-rigot.org\/fr\/wp-json\/wp\/v2\/product"}],"about":[{"href":"https:\/\/www.perron-rigot.org\/fr\/wp-json\/wp\/v2\/types\/product"}],"wp:featuredmedia":[{"embeddable":true,"href":"https:\/\/www.perron-rigot.org\/fr\/wp-json\/wp\/v2\/media\/8521"}],"wp:attachment":[{"href":"https:\/\/www.perron-rigot.org\/fr\/wp-json\/wp\/v2\/media?parent=8950"}],"wp:term":[{"taxonomy":"product_cat","embeddable":true,"href":"https:\/\/www.perron-rigot.org\/fr\/wp-json\/wp\/v2\/product_cat?post=8950"},{"taxonomy":"product_tag","embeddable":true,"href":"https:\/\/www.perron-rigot.org\/fr\/wp-json\/wp\/v2\/product_tag?post=8950"}],"curies":[{"name":"wp","href":"https:\/\/api.w.org\/{rel}","templated":true}]}}