{"id":8941,"date":"2023-10-14T13:19:54","date_gmt":"2023-10-14T13:19:54","guid":{"rendered":"https:\/\/www.perron-rigot.org\/non%20class\u00e9\/masque-gelee-perfectrice-dintimite\/"},"modified":"2024-10-03T10:22:09","modified_gmt":"2024-10-03T10:22:09","slug":"masque-jelly-perfecteur","status":"publish","type":"product","link":"https:\/\/www.perron-rigot.org\/fr\/produits-intimes-vajacial\/masque-jelly-perfecteur\/","title":{"rendered":"MASQUE JELLY PERFECTEUR"},"content":{"rendered":"","protected":false},"excerpt":{"rendered":"<h3>TRAITEMENT DE LA ZONE INTIME<\/h3>\n<div>Masque cabine expert pour la zone intime<\/div>\n\t<div id=\"gap-462227774\" class=\"gap-element clearfix\" style=\"display:block; height:auto;\">\n\t\t\n<style>\n#gap-462227774 {\n  padding-top: 30px;\n}\n<\/style>\n\t<\/div>\n\t\n<h4><strong>Caract\u00e9ristiques et avantages<\/strong><\/h4>\n<ul>\n<li>Masque intime en gel\u00e9e pour traiter les imperfections et les poils incarn\u00e9s<\/li>\n<li>La peau s&#8217;illumine et retrouve tout son \u00e9clat et son uniformit\u00e9, pour un r\u00e9sultat post \u00e9pilation d\u00e9cupl\u00e9 !<\/li>\n<li>98% d&#8217;ingr\u00e9dients d&#8217;origine naturelle<\/li>\n<li>Ingr\u00e9dients actifs : Fraise, Framboise, Cranberries, riches en vitamines, acides gras et antioxydants.<\/li>\n<li>Formule Vegan<\/li>\n<li>Respectueux de la zone intime et test\u00e9 gyn\u00e9cologiquement<\/li>\n<li>96% des volontaires ont observ\u00e9 que leur peau \u00e9tait plus confortable et pr\u00e9sentait moins de taches et de poils incarn\u00e9s*.<\/li>\n<li>Score de Yuka 100\/100<\/li>\n<li>Fabriqu\u00e9 en France<\/li>\n<\/ul>\n<p><em>*Test d&#8217;utilisation en application unique sur 23 volontaires<\/em><\/p>\n<h4><strong>Zones<\/strong><\/h4>\n<ul>\n<li>Zone intime<\/li>\n<li>Id\u00e9al pour les peaux ternes et \u00e0 imperfections<\/li>\n<\/ul>\n<p>&nbsp;<\/p>\n<h4><strong>Texture, couleur, parfum<\/strong><\/h4>\n<ul>\n<li>Texture de la gel\u00e9e<\/li>\n<li>Parfum de Fraise<\/li>\n<\/ul>\n\t<div id=\"gap-516009690\" class=\"gap-element clearfix\" style=\"display:block; height:auto;\">\n\t\t\n<style>\n#gap-516009690 {\n  padding-top: 30px;\n}\n<\/style>\n\t<\/div>","protected":false},"featured_media":8532,"template":"","meta":[],"product_cat":[101,110,116,118],"product_tag":[],"class_list":{"0":"post-8941","1":"product","2":"type-product","3":"status-publish","4":"has-post-thumbnail","6":"product_cat-produits-intimes-vajacial","7":"product_cat-avant-et-apres-lepilation-a-la-cire","8":"product_cat-cire-vegan","9":"product_cat-yona-fr","11":"first","12":"instock","13":"shipping-taxable","14":"product-type-variable","15":"has-default-attributes"},"jetpack_sharing_enabled":true,"_links":{"self":[{"href":"https:\/\/www.perron-rigot.org\/fr\/wp-json\/wp\/v2\/product\/8941"}],"collection":[{"href":"https:\/\/www.perron-rigot.org\/fr\/wp-json\/wp\/v2\/product"}],"about":[{"href":"https:\/\/www.perron-rigot.org\/fr\/wp-json\/wp\/v2\/types\/product"}],"wp:featuredmedia":[{"embeddable":true,"href":"https:\/\/www.perron-rigot.org\/fr\/wp-json\/wp\/v2\/media\/8532"}],"wp:attachment":[{"href":"https:\/\/www.perron-rigot.org\/fr\/wp-json\/wp\/v2\/media?parent=8941"}],"wp:term":[{"taxonomy":"product_cat","embeddable":true,"href":"https:\/\/www.perron-rigot.org\/fr\/wp-json\/wp\/v2\/product_cat?post=8941"},{"taxonomy":"product_tag","embeddable":true,"href":"https:\/\/www.perron-rigot.org\/fr\/wp-json\/wp\/v2\/product_tag?post=8941"}],"curies":[{"name":"wp","href":"https:\/\/api.w.org\/{rel}","templated":true}]}}