{"id":8938,"date":"2023-10-14T14:59:09","date_gmt":"2023-10-14T14:59:09","guid":{"rendered":"https:\/\/www.perron-rigot.org\/non%20class\u00e9\/serum-perfecteur-dintimite\/"},"modified":"2024-10-03T10:22:08","modified_gmt":"2024-10-03T10:22:08","slug":"serum-intimite-perfecteur","status":"publish","type":"product","link":"https:\/\/www.perron-rigot.org\/fr\/produits-intimes-vajacial\/serum-intimite-perfecteur\/","title":{"rendered":"S\u00c9RUM INTIMITE PERFECTEUR"},"content":{"rendered":"","protected":false},"excerpt":{"rendered":"<h3>TRAITEMENT DE LA ZONE INTIME<\/h3>\n<div>S\u00e9rum ultra-concentr\u00e9 pour r\u00e9duire les imperfections et embellir la peau<\/div>\n\t<div id=\"gap-1280172636\" class=\"gap-element clearfix\" style=\"display:block; height:auto;\">\n\t\t\n<style>\n#gap-1280172636 {\n  padding-top: 30px;\n}\n<\/style>\n\t<\/div>\n\t\n<h4><strong>Caract\u00e9ristiques et avantages<\/strong><\/h4>\n<ul>\n<li>S\u00e9rum intime ultra-concentr\u00e9 pour une peau nette, confortable et sublim\u00e9e<\/li>\n<li>R\u00e9duire les imperfections li\u00e9es \u00e0 l&#8217;\u00e9pilation, au rasage ou au frottement des v\u00eatements, et lutter contre les poils incarn\u00e9s et les boutons.<\/li>\n<li>99% d&#8217;ingr\u00e9dients d&#8217;origine naturelle<\/li>\n<li>Ingr\u00e9dients actifs : Huile de Chaulmoogra (5%), extrait de Fleur de Lotus, extrait de Figue de Barbarie, Huile de Jojoba.<\/li>\n<li>Formule Vegan<\/li>\n<li>Respectueux de la zone intime et test\u00e9 gyn\u00e9cologiquement<\/li>\n<li>90% des volontaires ont constat\u00e9 que leur peau \u00e9tait visiblement apais\u00e9e, plus confortable, plus lisse, plus uniforme et pr\u00e9sentait moins d&#8217;imperfections.<\/li>\n<li>Score de Yuka 100\/100<\/li>\n<li>Fabriqu\u00e9 en France<\/li>\n<\/ul>\n<p><em>*Test d&#8217;usage sur 20 volontaires pendant 28 jours, application deux fois par jour Usage externe uniquement<\/em><\/p>\n<h4><strong>Zones<\/strong><\/h4>\n<ul>\n<li>Zone intime<\/li>\n<\/ul>\n<p>&nbsp;<\/p>\n<h4><strong>Texture, couleur, parfum<\/strong><\/h4>\n<ul>\n<li>Texture de l&#8217;huile<\/li>\n<li>Senteur Lys Blanc et Fleur d&#8217;Oranger<\/li>\n<\/ul>\n\t<div id=\"gap-705651222\" class=\"gap-element clearfix\" style=\"display:block; height:auto;\">\n\t\t\n<style>\n#gap-705651222 {\n  padding-top: 30px;\n}\n<\/style>\n\t<\/div>","protected":false},"featured_media":8535,"template":"","meta":[],"product_cat":[101,110,116,118],"product_tag":[],"class_list":{"0":"post-8938","1":"product","2":"type-product","3":"status-publish","4":"has-post-thumbnail","6":"product_cat-produits-intimes-vajacial","7":"product_cat-avant-et-apres-lepilation-a-la-cire","8":"product_cat-cire-vegan","9":"product_cat-yona-fr","11":"first","12":"instock","13":"shipping-taxable","14":"product-type-variable","15":"has-default-attributes"},"jetpack_sharing_enabled":true,"_links":{"self":[{"href":"https:\/\/www.perron-rigot.org\/fr\/wp-json\/wp\/v2\/product\/8938"}],"collection":[{"href":"https:\/\/www.perron-rigot.org\/fr\/wp-json\/wp\/v2\/product"}],"about":[{"href":"https:\/\/www.perron-rigot.org\/fr\/wp-json\/wp\/v2\/types\/product"}],"wp:featuredmedia":[{"embeddable":true,"href":"https:\/\/www.perron-rigot.org\/fr\/wp-json\/wp\/v2\/media\/8535"}],"wp:attachment":[{"href":"https:\/\/www.perron-rigot.org\/fr\/wp-json\/wp\/v2\/media?parent=8938"}],"wp:term":[{"taxonomy":"product_cat","embeddable":true,"href":"https:\/\/www.perron-rigot.org\/fr\/wp-json\/wp\/v2\/product_cat?post=8938"},{"taxonomy":"product_tag","embeddable":true,"href":"https:\/\/www.perron-rigot.org\/fr\/wp-json\/wp\/v2\/product_tag?post=8938"}],"curies":[{"name":"wp","href":"https:\/\/api.w.org\/{rel}","templated":true}]}}