{"id":8933,"date":"2023-10-14T18:49:46","date_gmt":"2023-10-14T18:49:46","guid":{"rendered":"https:\/\/www.perron-rigot.org\/non%20class\u00e9\/lingettes-intimes\/"},"modified":"2024-10-03T10:22:08","modified_gmt":"2024-10-03T10:22:08","slug":"lingettes-intimes","status":"publish","type":"product","link":"https:\/\/www.perron-rigot.org\/fr\/produits-intimes-vajacial\/lingettes-intimes\/","title":{"rendered":"LINGETTES INTIMATE"},"content":{"rendered":"","protected":false},"excerpt":{"rendered":"<h3>PR\u00c9 ET POST \u00c9PILATION<\/h3>\n<div>Sp\u00e9cialement con\u00e7u pour les zones intimes<\/div>\n\t<div id=\"gap-563643795\" class=\"gap-element clearfix\" style=\"display:block; height:auto;\">\n\t\t\n<style>\n#gap-563643795 {\n  padding-top: 30px;\n}\n<\/style>\n\t<\/div>\n\t\n<h4><strong>Caract\u00e9ristiques et avantages<\/strong><\/h4>\n<ul>\n<li>Nettoie et laisse une sensation de fra\u00eecheur et de bien-\u00eatre avant de commencer l&#8217;\u00e9pilation.<\/li>\n<li>Test gyn\u00e9cologique<\/li>\n<li>Formule \u00e0 l&#8217;Aloe Vera : sp\u00e9cialement con\u00e7ue pour l&#8217;\u00e9piderme et les muqueuses.<\/li>\n<li>Respectueux de l&#8217;environnement, ils ont \u00e9t\u00e9 con\u00e7us \u00e0 partir de fibres naturelles provenant de for\u00eats bien g\u00e9r\u00e9es, certifi\u00e9es FSC\u00ae, et d&#8217;autres sources contr\u00f4l\u00e9es.<\/li>\n<\/ul>\n<h4><strong>Zones<\/strong><\/h4>\n<ul>\n<li>Zones intimes<\/li>\n<\/ul>\n<p>&nbsp;<\/p>\n<h4><strong>Texture, couleur, parfum<\/strong><\/h4>\n<ul>\n<li>Sans parfum<\/li>\n<\/ul>\n\t<div id=\"gap-1173335016\" class=\"gap-element clearfix\" style=\"display:block; height:auto;\">\n\t\t\n<style>\n#gap-1173335016 {\n  padding-top: 30px;\n}\n<\/style>\n\t<\/div>","protected":false},"featured_media":8543,"template":"","meta":[],"product_cat":[102,101,110],"product_tag":[],"class_list":{"0":"post-8933","1":"product","2":"type-product","3":"status-publish","4":"has-post-thumbnail","6":"product_cat-cirepil-fr","7":"product_cat-produits-intimes-vajacial","8":"product_cat-avant-et-apres-lepilation-a-la-cire","10":"first","11":"instock","12":"shipping-taxable","13":"product-type-variable","14":"has-default-attributes"},"jetpack_sharing_enabled":true,"_links":{"self":[{"href":"https:\/\/www.perron-rigot.org\/fr\/wp-json\/wp\/v2\/product\/8933"}],"collection":[{"href":"https:\/\/www.perron-rigot.org\/fr\/wp-json\/wp\/v2\/product"}],"about":[{"href":"https:\/\/www.perron-rigot.org\/fr\/wp-json\/wp\/v2\/types\/product"}],"wp:featuredmedia":[{"embeddable":true,"href":"https:\/\/www.perron-rigot.org\/fr\/wp-json\/wp\/v2\/media\/8543"}],"wp:attachment":[{"href":"https:\/\/www.perron-rigot.org\/fr\/wp-json\/wp\/v2\/media?parent=8933"}],"wp:term":[{"taxonomy":"product_cat","embeddable":true,"href":"https:\/\/www.perron-rigot.org\/fr\/wp-json\/wp\/v2\/product_cat?post=8933"},{"taxonomy":"product_tag","embeddable":true,"href":"https:\/\/www.perron-rigot.org\/fr\/wp-json\/wp\/v2\/product_tag?post=8933"}],"curies":[{"name":"wp","href":"https:\/\/api.w.org\/{rel}","templated":true}]}}