{"id":8931,"date":"2023-10-15T20:36:32","date_gmt":"2023-10-15T20:36:32","guid":{"rendered":"https:\/\/www.perron-rigot.org\/non%20class\u00e9\/expert-en-sucre-doux\/"},"modified":"2024-10-03T10:22:08","modified_gmt":"2024-10-03T10:22:08","slug":"expert-en-sucre-doux","status":"publish","type":"product","link":"https:\/\/www.perron-rigot.org\/fr\/cire-de-sucre\/expert-en-sucre-doux\/","title":{"rendered":"EXPERT EN SUCRE DOUX"},"content":{"rendered":"","protected":false},"excerpt":{"rendered":"<h3>P\u00c2TE \u00c0 SUCRE \u00c9PILATOIRE<\/h3>\n<div>Une m\u00e9thode d&#8217;\u00e9pilation douce<\/div>\n\t<div id=\"gap-27047068\" class=\"gap-element clearfix\" style=\"display:block; height:auto;\">\n\t\t\n<style>\n#gap-27047068 {\n  padding-top: 30px;\n}\n<\/style>\n\t<\/div>\n\t\n<h4><strong>Caract\u00e9ristiques et avantages<\/strong><\/h4>\n<ul>\n<li>Gamme de cires orientales<\/li>\n<li>97,5% d&#8217;ingr\u00e9dients d&#8217;origine naturelle<\/li>\n<li>Soin 4 en 1 : M\u00e9thode douce d&#8217;\u00e9pilation, Gommage gr\u00e2ce aux cristaux de sucre, Massage gr\u00e2ce \u00e0 la m\u00e9thode d&#8217;application, Hydratation gr\u00e2ce aux propri\u00e9t\u00e9s du sucre.<\/li>\n<li>100% d&#8217;ingr\u00e9dients d&#8217;origine naturelle<\/li>\n<li>Seulement 3 ingr\u00e9dients : eau, sucre et citron<\/li>\n<li>Ultra basse temp\u00e9rature<\/li>\n<li>Se rince \u00e0 l&#8217;eau<\/li>\n<\/ul>\n<h4><strong>Zones<\/strong><\/h4>\n<div>Toutes les zones<\/div>\n<p>&nbsp;<\/p>\n<h4><strong>Texture, couleur, parfum<\/strong><\/h4>\n<ul>\n<li>3 niveaux de textures : Choisissez la formule qui vous convient et travaillez avec une texture parfaitement adapt\u00e9e \u00e0 vos mains et \u00e0 la temp\u00e9rature ambiante. L&#8217;utilisation de Sugar&#8217;Expert vous permet d&#8217;atteindre des niveaux plus \u00e9lev\u00e9s de confort, d&#8217;efficacit\u00e9 et d&#8217;expertise dans votre technique.<\/li>\n<li>La texture SOFT est id\u00e9ale pour les mains froides et les environnements froids.<\/li>\n<li>Couleur miel<\/li>\n<li>Sans parfum<\/li>\n<\/ul>\n\t<div id=\"gap-1592022908\" class=\"gap-element clearfix\" style=\"display:block; height:auto;\">\n\t\t\n<style>\n#gap-1592022908 {\n  padding-top: 30px;\n}\n<\/style>\n\t<\/div>","protected":false},"featured_media":8545,"template":"","meta":[],"product_cat":[114,116],"product_tag":[],"class_list":{"0":"post-8931","1":"product","2":"type-product","3":"status-publish","4":"has-post-thumbnail","6":"product_cat-cire-de-sucre","7":"product_cat-cire-vegan","9":"first","10":"instock","11":"shipping-taxable","12":"product-type-variable","13":"has-default-attributes"},"jetpack_sharing_enabled":true,"_links":{"self":[{"href":"https:\/\/www.perron-rigot.org\/fr\/wp-json\/wp\/v2\/product\/8931"}],"collection":[{"href":"https:\/\/www.perron-rigot.org\/fr\/wp-json\/wp\/v2\/product"}],"about":[{"href":"https:\/\/www.perron-rigot.org\/fr\/wp-json\/wp\/v2\/types\/product"}],"wp:featuredmedia":[{"embeddable":true,"href":"https:\/\/www.perron-rigot.org\/fr\/wp-json\/wp\/v2\/media\/8545"}],"wp:attachment":[{"href":"https:\/\/www.perron-rigot.org\/fr\/wp-json\/wp\/v2\/media?parent=8931"}],"wp:term":[{"taxonomy":"product_cat","embeddable":true,"href":"https:\/\/www.perron-rigot.org\/fr\/wp-json\/wp\/v2\/product_cat?post=8931"},{"taxonomy":"product_tag","embeddable":true,"href":"https:\/\/www.perron-rigot.org\/fr\/wp-json\/wp\/v2\/product_tag?post=8931"}],"curies":[{"name":"wp","href":"https:\/\/api.w.org\/{rel}","templated":true}]}}