{"id":8899,"date":"2023-10-17T12:40:36","date_gmt":"2023-10-17T12:40:36","guid":{"rendered":"https:\/\/www.perron-rigot.org\/non%20class\u00e9\/tendre-coton-cartouche\/"},"modified":"2024-10-03T10:22:05","modified_gmt":"2024-10-03T10:22:05","slug":"cartouche-tendre-coton","status":"publish","type":"product","link":"https:\/\/www.perron-rigot.org\/fr\/cire-en-rouleau-cartouches\/cartouche-tendre-coton\/","title":{"rendered":"CARTOUCHE TENDRE COTON"},"content":{"rendered":"","protected":false},"excerpt":{"rendered":"<h3>BANDE D\u00c9PILATOIRE CIRE<\/h3>\n<div>Une \u00e9pilation douce et id\u00e9al pour les peaux sensibles<\/div>\n\t<div id=\"gap-1944049108\" class=\"gap-element clearfix\" style=\"display:block; height:auto;\">\n\t\t\n<style>\n#gap-1944049108 {\n  padding-top: 30px;\n}\n<\/style>\n\t<\/div>\n\t\n<h4><strong>Caract\u00e9ristiques et avantages<\/strong><\/h4>\n<ul>\n<li>Traitement d&#8217;\u00e9pilation innovant et doux : moins de douleur*<\/li>\n<li>Id\u00e9al pour les peaux sensibles et les premi\u00e8res \u00e9pilations<\/li>\n<li>Sans colophane<\/li>\n<li>Formule Vegan<\/li>\n<li>Enrichi avec de l&#8217;huile de coton<\/li>\n<li>Formule basse temp\u00e9rature<\/li>\n<li>Fabriqu\u00e9 en France<\/li>\n<li>Bandes sp\u00e9ciales &#8220;Tendre Coton&#8221; utilis\u00e9es avec la cire, pour assurer confort, souplesse et \u00e9viter la casse des cheveux.<\/li>\n<\/ul>\n<p><em>* Test\u00e9 par les consommateurs : 91% des personnes interrog\u00e9es estiment que la douleur est moins importante que l&#8217;\u00e9pilation habituelle 100% confirment que l&#8217;\u00e9pilation \u00e0 la cire avec les bandes Tendre Coton est extr\u00eamement douce<\/em><\/p>\n<h4><strong>Zones d&#8217;\u00e9pilation \u00e0 la cire<\/strong><\/h4>\n<div>Id\u00e9al pour les zones \u00e9tendues et les peaux sensibles<\/div>\n<p>&nbsp;<\/p>\n<h4><strong>Texture, couleur, parfum<\/strong><\/h4>\n<ul>\n<li>Texture onctueuse<\/li>\n<li>Couleur parme nacr\u00e9<\/li>\n<li>Parfum poudr\u00e9<\/li>\n<\/ul>\n\t<div id=\"gap-1633574381\" class=\"gap-element clearfix\" style=\"display:block; height:auto;\">\n\t\t\n<style>\n#gap-1633574381 {\n  padding-top: 30px;\n}\n<\/style>\n\t<\/div>","protected":false},"featured_media":8579,"template":"","meta":[],"product_cat":[112,102,116],"product_tag":[],"class_list":{"0":"post-8899","1":"product","2":"type-product","3":"status-publish","4":"has-post-thumbnail","6":"product_cat-cire-en-rouleau-cartouches","7":"product_cat-cirepil-fr","8":"product_cat-cire-vegan","10":"first","11":"instock","12":"shipping-taxable","13":"product-type-variable","14":"has-default-attributes"},"jetpack_sharing_enabled":true,"_links":{"self":[{"href":"https:\/\/www.perron-rigot.org\/fr\/wp-json\/wp\/v2\/product\/8899"}],"collection":[{"href":"https:\/\/www.perron-rigot.org\/fr\/wp-json\/wp\/v2\/product"}],"about":[{"href":"https:\/\/www.perron-rigot.org\/fr\/wp-json\/wp\/v2\/types\/product"}],"wp:featuredmedia":[{"embeddable":true,"href":"https:\/\/www.perron-rigot.org\/fr\/wp-json\/wp\/v2\/media\/8579"}],"wp:attachment":[{"href":"https:\/\/www.perron-rigot.org\/fr\/wp-json\/wp\/v2\/media?parent=8899"}],"wp:term":[{"taxonomy":"product_cat","embeddable":true,"href":"https:\/\/www.perron-rigot.org\/fr\/wp-json\/wp\/v2\/product_cat?post=8899"},{"taxonomy":"product_tag","embeddable":true,"href":"https:\/\/www.perron-rigot.org\/fr\/wp-json\/wp\/v2\/product_tag?post=8899"}],"curies":[{"name":"wp","href":"https:\/\/api.w.org\/{rel}","templated":true}]}}