{"id":8891,"date":"2022-10-04T14:41:50","date_gmt":"2022-10-04T14:41:50","guid":{"rendered":"https:\/\/www.perron-rigot.org\/non%20class\u00e9\/cirepil-fiorella-2\/"},"modified":"2024-10-03T10:26:37","modified_gmt":"2024-10-03T10:26:37","slug":"cirepil-fiorella-2","status":"publish","type":"product","link":"https:\/\/www.perron-rigot.org\/fr\/cirepil-fr\/cirepil-fiorella-2\/","title":{"rendered":"CIR\u00c9PIL FIORELLA"},"content":{"rendered":"","protected":false},"excerpt":{"rendered":"<h3>BANDE D\u00c9PILATOIRE CIRE<\/h3>\n<div>Cire hypollarg\u00e9nique de nouvelle g\u00e9n\u00e9ration<\/div>\n\t<div id=\"gap-1268244963\" class=\"gap-element clearfix\" style=\"display:block; height:auto;\">\n\t\t\n<style>\n#gap-1268244963 {\n  padding-top: 30px;\n}\n<\/style>\n\t<\/div>\n\t\n<h4><strong>Caract\u00e9ristiques et avantages<\/strong><\/h4>\n<ul>\n<li>Cire hypoallerg\u00e9nique<\/li>\n<li>Sans colophane<\/li>\n<li>Formule v\u00e9g\u00e9talienne<\/li>\n<li>Formule basse temp\u00e9rature<\/li>\n<li>Couches ultra-minces<\/li>\n<li>Fabriqu\u00e9 en France<\/li>\n<\/ul>\n<h4><strong>Zones d&#8217;\u00e9pilation \u00e0 la cire<\/strong><\/h4>\n<div>Id\u00e9al pour les grandes surfaces<\/div>\n<p>&nbsp;<\/p>\n<h4><strong>Texture, couleur, parfum<\/strong><\/h4>\n<ul>\n<li>Texture fluide<\/li>\n<li>Couleur rose framboise<\/li>\n<li>Parfum de pivoine et de fleur d&#8217;amandier<\/li>\n<\/ul>\n\t<div id=\"gap-708993090\" class=\"gap-element clearfix\" style=\"display:block; height:auto;\">\n\t\t\n<style>\n#gap-708993090 {\n  padding-top: 30px;\n}\n<\/style>\n\t<\/div>","protected":false},"featured_media":8304,"template":"","meta":[],"product_cat":[102,107,113,116],"product_tag":[],"class_list":{"0":"post-8891","1":"product","2":"type-product","3":"status-publish","4":"has-post-thumbnail","6":"product_cat-cirepil-fr","7":"product_cat-cire-hypoallergenique","8":"product_cat-cire-molle-cire-avec-bandes","9":"product_cat-cire-vegan","11":"first","12":"instock","13":"shipping-taxable","14":"product-type-variable","15":"has-default-attributes"},"jetpack_sharing_enabled":true,"_links":{"self":[{"href":"https:\/\/www.perron-rigot.org\/fr\/wp-json\/wp\/v2\/product\/8891"}],"collection":[{"href":"https:\/\/www.perron-rigot.org\/fr\/wp-json\/wp\/v2\/product"}],"about":[{"href":"https:\/\/www.perron-rigot.org\/fr\/wp-json\/wp\/v2\/types\/product"}],"wp:featuredmedia":[{"embeddable":true,"href":"https:\/\/www.perron-rigot.org\/fr\/wp-json\/wp\/v2\/media\/8304"}],"wp:attachment":[{"href":"https:\/\/www.perron-rigot.org\/fr\/wp-json\/wp\/v2\/media?parent=8891"}],"wp:term":[{"taxonomy":"product_cat","embeddable":true,"href":"https:\/\/www.perron-rigot.org\/fr\/wp-json\/wp\/v2\/product_cat?post=8891"},{"taxonomy":"product_tag","embeddable":true,"href":"https:\/\/www.perron-rigot.org\/fr\/wp-json\/wp\/v2\/product_tag?post=8891"}],"curies":[{"name":"wp","href":"https:\/\/api.w.org\/{rel}","templated":true}]}}