{"id":8884,"date":"2022-10-04T14:46:21","date_gmt":"2022-10-04T14:46:21","guid":{"rendered":"https:\/\/www.perron-rigot.org\/non%20class\u00e9\/cirepil-o-bio\/"},"modified":"2026-01-09T11:54:20","modified_gmt":"2026-01-09T11:54:20","slug":"cirepil-o-bio","status":"publish","type":"product","link":"https:\/\/www.perron-rigot.org\/fr\/cire-origine\/cirepil-o-bio\/","title":{"rendered":"CIR\u00c9PIL O BIO"},"content":{"rendered":"","protected":false},"excerpt":{"rendered":"<h3>BANDE D\u00c9PILATOIRE CIRE<\/h3>\n<div>Certifi\u00e9 Cosmos organic<\/div>\n\t<div id=\"gap-1321093631\" class=\"gap-element clearfix\" style=\"display:block; height:auto;\">\n\t\t\n<style>\n#gap-1321093631 {\n  padding-top: 30px;\n}\n<\/style>\n\t<\/div>\n\t\n<h4><strong>Caract\u00e9ristiques et avantages<\/strong><\/h4>\n<ul>\n<li>100% d&#8217;ingr\u00e9dients d&#8217;origine naturelle, seulement 5 ingr\u00e9dients<\/li>\n<li>Certifi\u00e9 COSMOS Organic par Ecocert<\/li>\n<li>Huiles de Jojoba et de Tournesol biologique, Cire d&#8217;abeille blanche<\/li>\n<li>Formule ultra-basse temp\u00e9rature : r\u00e9glage num\u00e9rique du chauffage de la cire entre 58\u00b0 et 62\u00b0.<\/li>\n<li>Couches ultra-fines<\/li>\n<li>Fabriqu\u00e9 en France<\/li>\n<\/ul>\n<h4><strong>Zones d&#8217;\u00e9pilation \u00e0 la cire<\/strong><\/h4>\n<div>Toutes les zones<\/div>\n<p>&nbsp;<\/p>\n<h4><strong>Texture, couleur, parfum<\/strong><\/h4>\n<ul>\n<li>Texture fluide<\/li>\n<li>Couleur naturelle<\/li>\n<li>Parfum naturel<\/li>\n<\/ul>\n\t<div id=\"gap-853043935\" class=\"gap-element clearfix\" style=\"display:block; height:auto;\">\n\t\t\n<style>\n#gap-853043935 {\n  padding-top: 30px;\n}\n<\/style>\n\t<\/div>","protected":false},"featured_media":8301,"template":"","meta":[],"product_cat":[113,108,109],"product_tag":[],"class_list":{"0":"post-8884","1":"product","2":"type-product","3":"status-publish","4":"has-post-thumbnail","6":"product_cat-cire-molle-cire-avec-bandes","7":"product_cat-cire-origine","8":"product_cat-origine-fr","10":"first","11":"instock","12":"shipping-taxable","13":"product-type-variable","14":"has-default-attributes"},"jetpack_sharing_enabled":true,"_links":{"self":[{"href":"https:\/\/www.perron-rigot.org\/fr\/wp-json\/wp\/v2\/product\/8884"}],"collection":[{"href":"https:\/\/www.perron-rigot.org\/fr\/wp-json\/wp\/v2\/product"}],"about":[{"href":"https:\/\/www.perron-rigot.org\/fr\/wp-json\/wp\/v2\/types\/product"}],"wp:featuredmedia":[{"embeddable":true,"href":"https:\/\/www.perron-rigot.org\/fr\/wp-json\/wp\/v2\/media\/8301"}],"wp:attachment":[{"href":"https:\/\/www.perron-rigot.org\/fr\/wp-json\/wp\/v2\/media?parent=8884"}],"wp:term":[{"taxonomy":"product_cat","embeddable":true,"href":"https:\/\/www.perron-rigot.org\/fr\/wp-json\/wp\/v2\/product_cat?post=8884"},{"taxonomy":"product_tag","embeddable":true,"href":"https:\/\/www.perron-rigot.org\/fr\/wp-json\/wp\/v2\/product_tag?post=8884"}],"curies":[{"name":"wp","href":"https:\/\/api.w.org\/{rel}","templated":true}]}}