{"id":8882,"date":"2022-10-04T14:49:00","date_gmt":"2022-10-04T14:49:00","guid":{"rendered":"https:\/\/www.perron-rigot.org\/non%20class\u00e9\/cirepil-cristal-ocean\/"},"modified":"2024-10-03T10:26:36","modified_gmt":"2024-10-03T10:26:36","slug":"cirepil-cristal-ocean","status":"publish","type":"product","link":"https:\/\/www.perron-rigot.org\/fr\/cirepil-fr\/cirepil-cristal-ocean\/","title":{"rendered":"CIR\u00c9PIL CRISTAL OC\u00c9AN"},"content":{"rendered":"","protected":false},"excerpt":{"rendered":"<h3>BANDE D\u00c9PILATOIRE CIRE<\/h3>\n<div>Cire ultra-mince et hypollarg\u00e9nique<\/div>\n\t<div id=\"gap-1827517997\" class=\"gap-element clearfix\" style=\"display:block; height:auto;\">\n\t\t\n<style>\n#gap-1827517997 {\n  padding-top: 30px;\n}\n<\/style>\n\t<\/div>\n\t\n<h4><strong>Caract\u00e9ristiques et avantages<\/strong><\/h4>\n<ul>\n<li>Cire ultra-fine et hypoallerg\u00e9nique<\/li>\n<li>Sans colophane<\/li>\n<li>Formule Vegan<\/li>\n<li>Formule basse temp\u00e9rature<\/li>\n<li>Couches ultra-minces<\/li>\n<li>Fabriqu\u00e9 en France<\/li>\n<\/ul>\n<h4><strong>Zones d&#8217;\u00e9pilation \u00e0 la cire<\/strong><\/h4>\n<div>Zones \u00e9tendues<\/div>\n<p>&nbsp;<\/p>\n<h4><strong>Texture, couleur, parfum<\/strong><\/h4>\n<ul>\n<li>Texture fluide<\/li>\n<li>Couleur bleue translucide<\/li>\n<li>Sans odeur<\/li>\n<\/ul>\n\t<div id=\"gap-1452564088\" class=\"gap-element clearfix\" style=\"display:block; height:auto;\">\n\t\t\n<style>\n#gap-1452564088 {\n  padding-top: 30px;\n}\n<\/style>\n\t<\/div>","protected":false},"featured_media":8300,"template":"","meta":[],"product_cat":[102,107,113,116],"product_tag":[],"class_list":{"0":"post-8882","1":"product","2":"type-product","3":"status-publish","4":"has-post-thumbnail","6":"product_cat-cirepil-fr","7":"product_cat-cire-hypoallergenique","8":"product_cat-cire-molle-cire-avec-bandes","9":"product_cat-cire-vegan","11":"first","12":"instock","13":"shipping-taxable","14":"product-type-variable","15":"has-default-attributes"},"jetpack_sharing_enabled":true,"_links":{"self":[{"href":"https:\/\/www.perron-rigot.org\/fr\/wp-json\/wp\/v2\/product\/8882"}],"collection":[{"href":"https:\/\/www.perron-rigot.org\/fr\/wp-json\/wp\/v2\/product"}],"about":[{"href":"https:\/\/www.perron-rigot.org\/fr\/wp-json\/wp\/v2\/types\/product"}],"wp:featuredmedia":[{"embeddable":true,"href":"https:\/\/www.perron-rigot.org\/fr\/wp-json\/wp\/v2\/media\/8300"}],"wp:attachment":[{"href":"https:\/\/www.perron-rigot.org\/fr\/wp-json\/wp\/v2\/media?parent=8882"}],"wp:term":[{"taxonomy":"product_cat","embeddable":true,"href":"https:\/\/www.perron-rigot.org\/fr\/wp-json\/wp\/v2\/product_cat?post=8882"},{"taxonomy":"product_tag","embeddable":true,"href":"https:\/\/www.perron-rigot.org\/fr\/wp-json\/wp\/v2\/product_tag?post=8882"}],"curies":[{"name":"wp","href":"https:\/\/api.w.org\/{rel}","templated":true}]}}