{"id":8880,"date":"2022-10-04T14:55:36","date_gmt":"2022-10-04T14:55:36","guid":{"rendered":"https:\/\/www.perron-rigot.org\/non%20class\u00e9\/cirepil-nacree-blanche\/"},"modified":"2024-10-03T10:26:36","modified_gmt":"2024-10-03T10:26:36","slug":"cirepil-nacree-blanche","status":"publish","type":"product","link":"https:\/\/www.perron-rigot.org\/fr\/cirepil-fr\/cirepil-nacree-blanche\/","title":{"rendered":"CIR\u00c9PIL NACR\u00c9E BLANCHE"},"content":{"rendered":"","protected":false},"excerpt":{"rendered":"<h3>BANDE D\u00c9PILATOIRE CIRE<\/h3>\n<div>Cire onctueuse pour les zones \u00e9tendues<\/div>\n\t<div id=\"gap-300821179\" class=\"gap-element clearfix\" style=\"display:block; height:auto;\">\n\t\t\n<style>\n#gap-300821179 {\n  padding-top: 30px;\n}\n<\/style>\n\t<\/div>\n\t\n<h4><strong>Caract\u00e9ristiques et avantages<\/strong><\/h4>\n<ul>\n<li>Cire experte<\/li>\n<li>Formule Vegan<\/li>\n<li>Enrichi en huile d&#8217;amande douce<\/li>\n<li>Formule basse temp\u00e9rature<\/li>\n<li>Couches fines<\/li>\n<li>Fabriqu\u00e9 en France<\/li>\n<\/ul>\n<h4><strong>Zones d&#8217;\u00e9pilation \u00e0 la cire<\/strong><\/h4>\n<div>Zones \u00e9tendues<\/div>\n<p>&nbsp;<\/p>\n<h4><strong>Texture, couleur, parfum<\/strong><\/h4>\n<ul>\n<li>Texture onctueuse<\/li>\n<li>Couleur blanc nacr\u00e9<\/li>\n<li>Parfum naturel<\/li>\n<\/ul>\n\t<div id=\"gap-1783889326\" class=\"gap-element clearfix\" style=\"display:block; height:auto;\">\n\t\t\n<style>\n#gap-1783889326 {\n  padding-top: 30px;\n}\n<\/style>\n\t<\/div>","protected":false},"featured_media":8479,"template":"","meta":[],"product_cat":[102,113],"product_tag":[],"class_list":{"0":"post-8880","1":"product","2":"type-product","3":"status-publish","4":"has-post-thumbnail","6":"product_cat-cirepil-fr","7":"product_cat-cire-molle-cire-avec-bandes","9":"first","10":"instock","11":"shipping-taxable","12":"product-type-variable","13":"has-default-attributes"},"jetpack_sharing_enabled":true,"_links":{"self":[{"href":"https:\/\/www.perron-rigot.org\/fr\/wp-json\/wp\/v2\/product\/8880"}],"collection":[{"href":"https:\/\/www.perron-rigot.org\/fr\/wp-json\/wp\/v2\/product"}],"about":[{"href":"https:\/\/www.perron-rigot.org\/fr\/wp-json\/wp\/v2\/types\/product"}],"wp:featuredmedia":[{"embeddable":true,"href":"https:\/\/www.perron-rigot.org\/fr\/wp-json\/wp\/v2\/media\/8479"}],"wp:attachment":[{"href":"https:\/\/www.perron-rigot.org\/fr\/wp-json\/wp\/v2\/media?parent=8880"}],"wp:term":[{"taxonomy":"product_cat","embeddable":true,"href":"https:\/\/www.perron-rigot.org\/fr\/wp-json\/wp\/v2\/product_cat?post=8880"},{"taxonomy":"product_tag","embeddable":true,"href":"https:\/\/www.perron-rigot.org\/fr\/wp-json\/wp\/v2\/product_tag?post=8880"}],"curies":[{"name":"wp","href":"https:\/\/api.w.org\/{rel}","templated":true}]}}