{"id":8870,"date":"2022-10-04T14:41:13","date_gmt":"2022-10-04T14:41:13","guid":{"rendered":"https:\/\/www.perron-rigot.org\/non%20class\u00e9\/cirepil-fiorella\/"},"modified":"2024-10-03T10:26:37","modified_gmt":"2024-10-03T10:26:37","slug":"cirepil-fiorella","status":"publish","type":"product","link":"https:\/\/www.perron-rigot.org\/fr\/cire-sans-bandes\/cirepil-fiorella\/","title":{"rendered":"CIR\u00c9PIL FIORELLA"},"content":{"rendered":"","protected":false},"excerpt":{"rendered":"<h3><span style=\"vertical-align: inherit\"><span style=\"vertical-align: inherit\">CIRE D\u00c9PILATOIRE SANS BANDES<\/span><\/span><\/h3>\n<div><span style=\"vertical-align: inherit\"><span style=\"vertical-align: inherit\">Cire de derni\u00e8re g\u00e9n\u00e9ration sans colophane<\/span><\/span><\/div>\n<p><span style=\"vertical-align: inherit\"><span style=\"vertical-align: inherit\">[hauteur de l&#8217;espace=&#8221;30px&#8221;]<\/span><\/span><\/p>\n<h4><strong><span style=\"vertical-align: inherit\"><span style=\"vertical-align: inherit\">Caract\u00e9ristiques et avantages<\/span><\/span><\/strong><\/h4>\n<ul>\n<li><span style=\"vertical-align: inherit\"><span style=\"vertical-align: inherit\">Id\u00e9al pour les peaux sensibles<\/span><\/span><\/li>\n<li><span style=\"vertical-align: inherit\"><span style=\"vertical-align: inherit\">Formule sans colophane<\/span><\/span><\/li>\n<li><span style=\"vertical-align: inherit\"><span style=\"vertical-align: inherit\">Brevet Affinity : Efficacit\u00e9 renforc\u00e9e<\/span><\/span><\/li>\n<li><span style=\"vertical-align: inherit\"><span style=\"vertical-align: inherit\">Couches ultra-fines<\/span><\/span><\/li>\n<li><span style=\"vertical-align: inherit\"><span style=\"vertical-align: inherit\">Fabriqu\u00e9 en France<\/span><\/span><\/li>\n<\/ul>\n<h4><strong><span style=\"vertical-align: inherit\"><span style=\"vertical-align: inherit\">Zones d&#8217;\u00e9pilation \u00e0 la cire<\/span><\/span><\/strong><\/h4>\n<div><span style=\"vertical-align: inherit\"><span style=\"vertical-align: inherit\">Toutes les zones id\u00e9al peaux sensibles<\/span><\/span><\/div>\n<h4><strong><span style=\"vertical-align: inherit\"><span style=\"vertical-align: inherit\">Texture, couleur, parfum<\/span><\/span><\/strong><\/h4>\n<ul>\n<li><span style=\"vertical-align: inherit\"><span style=\"vertical-align: inherit\">Texture fluide<\/span><\/span><\/li>\n<li><span style=\"vertical-align: inherit\"><span style=\"vertical-align: inherit\">Couleur rose holographique<\/span><\/span><\/li>\n<li><span style=\"vertical-align: inherit\"><span style=\"vertical-align: inherit\">Parfum pivoine et de fleur d&#8217;amandier<\/span><\/span><\/li>\n<\/ul>\n<p><span style=\"vertical-align: inherit\"><span style=\"vertical-align: inherit\">[hauteur de l&#8217;espace=&#8221;30px&#8221;]<\/span><\/span><\/p>","protected":false},"featured_media":8275,"template":"","meta":[],"product_cat":[99,102,107,116],"product_tag":[],"class_list":{"0":"post-8870","1":"product","2":"type-product","3":"status-publish","4":"has-post-thumbnail","6":"product_cat-cire-sans-bandes","7":"product_cat-cirepil-fr","8":"product_cat-cire-hypoallergenique","9":"product_cat-cire-vegan","11":"first","12":"instock","13":"shipping-taxable","14":"product-type-variable","15":"has-default-attributes"},"jetpack_sharing_enabled":true,"_links":{"self":[{"href":"https:\/\/www.perron-rigot.org\/fr\/wp-json\/wp\/v2\/product\/8870"}],"collection":[{"href":"https:\/\/www.perron-rigot.org\/fr\/wp-json\/wp\/v2\/product"}],"about":[{"href":"https:\/\/www.perron-rigot.org\/fr\/wp-json\/wp\/v2\/types\/product"}],"wp:featuredmedia":[{"embeddable":true,"href":"https:\/\/www.perron-rigot.org\/fr\/wp-json\/wp\/v2\/media\/8275"}],"wp:attachment":[{"href":"https:\/\/www.perron-rigot.org\/fr\/wp-json\/wp\/v2\/media?parent=8870"}],"wp:term":[{"taxonomy":"product_cat","embeddable":true,"href":"https:\/\/www.perron-rigot.org\/fr\/wp-json\/wp\/v2\/product_cat?post=8870"},{"taxonomy":"product_tag","embeddable":true,"href":"https:\/\/www.perron-rigot.org\/fr\/wp-json\/wp\/v2\/product_tag?post=8870"}],"curies":[{"name":"wp","href":"https:\/\/api.w.org\/{rel}","templated":true}]}}