{"id":8868,"date":"2022-10-04T14:42:34","date_gmt":"2022-10-04T14:42:34","guid":{"rendered":"https:\/\/www.perron-rigot.org\/non%20class\u00e9\/cirepil-boudoir\/"},"modified":"2024-10-03T10:26:37","modified_gmt":"2024-10-03T10:26:37","slug":"cirepil-boudoir","status":"publish","type":"product","link":"https:\/\/www.perron-rigot.org\/fr\/cire-sans-bandes\/cirepil-boudoir\/","title":{"rendered":"CIR\u00c9PIL BOUDOIR"},"content":{"rendered":"","protected":false},"excerpt":{"rendered":"<h3>CIRE D\u00c9PILATOIRE SANS BANDES<\/h3>\n<div>Id\u00e9al pour les peaux sensibles et les premi\u00e8res \u00e9pilations<\/div>\n\t<div id=\"gap-1007343346\" class=\"gap-element clearfix\" style=\"display:block; height:auto;\">\n\t\t\n<style>\n#gap-1007343346 {\n  padding-top: 30px;\n}\n<\/style>\n\t<\/div>\n\t\n<h4><strong>Caract\u00e9ristiques et avantages<\/strong><\/h4>\n<ul>\n<li>Cire hypoallerg\u00e9nique<\/li>\n<li>Formule sans colophane<\/li>\n<li>Brevet Affinity : Efficacit\u00e9 renforc\u00e9<\/li>\n<li>Formule basse temp\u00e9rature<\/li>\n<li>Fabriqu\u00e9 en France<\/li>\n<\/ul>\n<h4><strong>Zones d&#8217;\u00e9pilation<\/strong><\/h4>\n<div>Toutes les zones<\/div>\n<p>&nbsp;<\/p>\n<h4><strong>Texture, couleur, parfum<\/strong><\/h4>\n<ul>\n<li>Texture cr\u00e9meuse<\/li>\n<li>Couleur rose nacr\u00e9<\/li>\n<li>Parfum gourmand<\/li>\n<\/ul>\n\t<div id=\"gap-452176958\" class=\"gap-element clearfix\" style=\"display:block; height:auto;\">\n\t\t\n<style>\n#gap-452176958 {\n  padding-top: 30px;\n}\n<\/style>\n\t<\/div>","protected":false},"featured_media":8284,"template":"","meta":[],"product_cat":[99,102,101,107],"product_tag":[],"class_list":{"0":"post-8868","1":"product","2":"type-product","3":"status-publish","4":"has-post-thumbnail","6":"product_cat-cire-sans-bandes","7":"product_cat-cirepil-fr","8":"product_cat-produits-intimes-vajacial","9":"product_cat-cire-hypoallergenique","11":"first","12":"instock","13":"shipping-taxable","14":"product-type-variable","15":"has-default-attributes"},"jetpack_sharing_enabled":true,"_links":{"self":[{"href":"https:\/\/www.perron-rigot.org\/fr\/wp-json\/wp\/v2\/product\/8868"}],"collection":[{"href":"https:\/\/www.perron-rigot.org\/fr\/wp-json\/wp\/v2\/product"}],"about":[{"href":"https:\/\/www.perron-rigot.org\/fr\/wp-json\/wp\/v2\/types\/product"}],"wp:featuredmedia":[{"embeddable":true,"href":"https:\/\/www.perron-rigot.org\/fr\/wp-json\/wp\/v2\/media\/8284"}],"wp:attachment":[{"href":"https:\/\/www.perron-rigot.org\/fr\/wp-json\/wp\/v2\/media?parent=8868"}],"wp:term":[{"taxonomy":"product_cat","embeddable":true,"href":"https:\/\/www.perron-rigot.org\/fr\/wp-json\/wp\/v2\/product_cat?post=8868"},{"taxonomy":"product_tag","embeddable":true,"href":"https:\/\/www.perron-rigot.org\/fr\/wp-json\/wp\/v2\/product_tag?post=8868"}],"curies":[{"name":"wp","href":"https:\/\/api.w.org\/{rel}","templated":true}]}}