{"id":8855,"date":"2022-10-05T10:06:29","date_gmt":"2022-10-05T10:06:29","guid":{"rendered":"https:\/\/www.perron-rigot.org\/non%20class\u00e9\/cirepil-homme\/"},"modified":"2024-10-03T10:22:13","modified_gmt":"2024-10-03T10:22:13","slug":"cirepil-homme","status":"publish","type":"product","link":"https:\/\/www.perron-rigot.org\/fr\/cire-sans-bandes\/cirepil-homme\/","title":{"rendered":"CIR\u00c9PIL HOMME"},"content":{"rendered":"","protected":false},"excerpt":{"rendered":"<h3>CIRE D\u00c9PILATOIRE SANS BANDES<\/h3>\n<div>Cire experte des \u00e9pilations hommes<\/div>\n\t<div id=\"gap-989917391\" class=\"gap-element clearfix\" style=\"display:block; height:auto;\">\n\t\t\n<style>\n#gap-989917391 {\n  padding-top: 30px;\n}\n<\/style>\n\t<\/div>\n\t\n<h4><strong>Caract\u00e9ristiques et avantages<\/strong><\/h4>\n<ul>\n<li>Sp\u00e9cialement con\u00e7u pour l&#8217;\u00e9pilation des \u00e9paules, du dos, de la poitrine et du maillot<\/li>\n<li>Efficace sur poils drus<\/li>\n<li>Formule basse temp\u00e9rature<\/li>\n<li>Fabriqu\u00e9 en France<\/li>\n<\/ul>\n<h4><strong>Zones d&#8217;\u00e9pilation \u00e0 la cire<\/strong><\/h4>\n<div>Toutes les zones id\u00e9ales : \u00e9paules, torse, dos<\/div>\n<p>&nbsp;<\/p>\n<h4><strong>Texture, couleur, parfum<\/strong><\/h4>\n<ul>\n<li>Texture onctueuse<\/li>\n<li>Couleur bleu-vert m\u00e9tallis\u00e9<\/li>\n<li>Parfum marin dynamisant<\/li>\n<\/ul>\n\t<div id=\"gap-478766401\" class=\"gap-element clearfix\" style=\"display:block; height:auto;\">\n\t\t\n<style>\n#gap-478766401 {\n  padding-top: 30px;\n}\n<\/style>\n\t<\/div>","protected":false},"featured_media":8279,"template":"","meta":[],"product_cat":[99,100,102],"product_tag":[],"class_list":{"0":"post-8855","1":"product","2":"type-product","3":"status-publish","4":"has-post-thumbnail","6":"product_cat-cire-sans-bandes","7":"product_cat-cire-specialisee","8":"product_cat-cirepil-fr","10":"first","11":"instock","12":"shipping-taxable","13":"product-type-variable","14":"has-default-attributes"},"jetpack_sharing_enabled":true,"_links":{"self":[{"href":"https:\/\/www.perron-rigot.org\/fr\/wp-json\/wp\/v2\/product\/8855"}],"collection":[{"href":"https:\/\/www.perron-rigot.org\/fr\/wp-json\/wp\/v2\/product"}],"about":[{"href":"https:\/\/www.perron-rigot.org\/fr\/wp-json\/wp\/v2\/types\/product"}],"wp:featuredmedia":[{"embeddable":true,"href":"https:\/\/www.perron-rigot.org\/fr\/wp-json\/wp\/v2\/media\/8279"}],"wp:attachment":[{"href":"https:\/\/www.perron-rigot.org\/fr\/wp-json\/wp\/v2\/media?parent=8855"}],"wp:term":[{"taxonomy":"product_cat","embeddable":true,"href":"https:\/\/www.perron-rigot.org\/fr\/wp-json\/wp\/v2\/product_cat?post=8855"},{"taxonomy":"product_tag","embeddable":true,"href":"https:\/\/www.perron-rigot.org\/fr\/wp-json\/wp\/v2\/product_tag?post=8855"}],"curies":[{"name":"wp","href":"https:\/\/api.w.org\/{rel}","templated":true}]}}