{"id":8849,"date":"2023-10-06T20:59:30","date_gmt":"2023-10-06T20:59:30","guid":{"rendered":"https:\/\/www.perron-rigot.org\/non%20class\u00e9\/cirepil-cire-visage\/"},"modified":"2024-10-03T10:22:12","modified_gmt":"2024-10-03T10:22:12","slug":"cirepil-cire-visage","status":"publish","type":"product","link":"https:\/\/www.perron-rigot.org\/fr\/cire-sans-bandes\/cirepil-cire-visage\/","title":{"rendered":"CIR\u00c9PIL CIRE VISAGE"},"content":{"rendered":"","protected":false},"excerpt":{"rendered":"<h3>CIRE D\u00c9PILATOIRE SANS BANDES<\/h3>\n<div>Premi\u00e8re cire hypoallerg\u00e9nique pour le visage<\/div>\n\t<div id=\"gap-1981816688\" class=\"gap-element clearfix\" style=\"display:block; height:auto;\">\n\t\t\n<style>\n#gap-1981816688 {\n  padding-top: 30px;\n}\n<\/style>\n\t<\/div>\n\t\n<h4><strong>Caract\u00e9ristiques et avantages<\/strong><\/h4>\n<ul>\n<li>Efficace sur les cheveux \u00e9pais et les peluches<\/li>\n<li>Formule hypoallerg\u00e9nique sans colophane<\/li>\n<li>Formule v\u00e9g\u00e9talienne<\/li>\n<li>Moins de douleur, de boutons et de rougeurs pour 92% des clients<\/li>\n<li>Huile de calendula (1%)<\/li>\n<li>Brevet Affinity : efficacit\u00e9 accrue dans l&#8217;\u00e9pilation, avec une plus grande douceur pour la peau<\/li>\n<li>Formule basse temp\u00e9rature : r\u00e9glage du chauffe-cire num\u00e9rique Perron Rigot entre 66\u00b0 et 70\u00b0.<\/li>\n<li>Fabriqu\u00e9 en France<\/li>\n<\/ul>\n<h4><strong>Zones d&#8217;\u00e9pilation \u00e0 la cire<\/strong><\/h4>\n<div>Visage<\/div>\n<h4><strong>Texture, couleur, parfum<\/strong><\/h4>\n<ul>\n<li>Texture lisse<\/li>\n<li>Couleur beige dor\u00e9<\/li>\n<li>Senteur fleur d&#8217;oranger<\/li>\n<\/ul>\n\t<div id=\"gap-965134570\" class=\"gap-element clearfix\" style=\"display:block; height:auto;\">\n\t\t\n<style>\n#gap-965134570 {\n  padding-top: 30px;\n}\n<\/style>\n\t<\/div>","protected":false},"featured_media":8464,"template":"","meta":[],"product_cat":[99,100,102,116],"product_tag":[],"class_list":{"0":"post-8849","1":"product","2":"type-product","3":"status-publish","4":"has-post-thumbnail","6":"product_cat-cire-sans-bandes","7":"product_cat-cire-specialisee","8":"product_cat-cirepil-fr","9":"product_cat-cire-vegan","11":"first","12":"instock","13":"shipping-taxable","14":"product-type-variable","15":"has-default-attributes"},"jetpack_sharing_enabled":true,"_links":{"self":[{"href":"https:\/\/www.perron-rigot.org\/fr\/wp-json\/wp\/v2\/product\/8849"}],"collection":[{"href":"https:\/\/www.perron-rigot.org\/fr\/wp-json\/wp\/v2\/product"}],"about":[{"href":"https:\/\/www.perron-rigot.org\/fr\/wp-json\/wp\/v2\/types\/product"}],"wp:featuredmedia":[{"embeddable":true,"href":"https:\/\/www.perron-rigot.org\/fr\/wp-json\/wp\/v2\/media\/8464"}],"wp:attachment":[{"href":"https:\/\/www.perron-rigot.org\/fr\/wp-json\/wp\/v2\/media?parent=8849"}],"wp:term":[{"taxonomy":"product_cat","embeddable":true,"href":"https:\/\/www.perron-rigot.org\/fr\/wp-json\/wp\/v2\/product_cat?post=8849"},{"taxonomy":"product_tag","embeddable":true,"href":"https:\/\/www.perron-rigot.org\/fr\/wp-json\/wp\/v2\/product_tag?post=8849"}],"curies":[{"name":"wp","href":"https:\/\/api.w.org\/{rel}","templated":true}]}}