{"id":8846,"date":"2022-10-05T10:08:54","date_gmt":"2022-10-05T10:08:54","guid":{"rendered":"https:\/\/www.perron-rigot.org\/non%20class\u00e9\/cirepil-intime\/"},"modified":"2024-10-03T10:22:17","modified_gmt":"2024-10-03T10:22:17","slug":"cirepil-intime","status":"publish","type":"product","link":"https:\/\/www.perron-rigot.org\/fr\/cire-sans-bandes\/cirepil-intime\/","title":{"rendered":"CIR\u00c9PIL INTIME"},"content":{"rendered":"","protected":false},"excerpt":{"rendered":"<h3>CIRE D\u00c9PILATOIRE SANS BANDES<\/h3>\n<div>Cire experte des zones intimes<\/div>\n\t<div id=\"gap-1012916103\" class=\"gap-element clearfix\" style=\"display:block; height:auto;\">\n\t\t\n<style>\n#gap-1012916103 {\n  padding-top: 30px;\n}\n<\/style>\n\t<\/div>\n\t\n<h4><strong>Caract\u00e9ristiques et avantages<\/strong><\/h4>\n<ul>\n<li>Contient un Complexe Cicasepticalm ; principes actifs reconnus pour leurs propri\u00e9t\u00e9s dermo-protectrices, anti-irritation, purifiantes et apaisantes.<\/li>\n<li>Formule basse temp\u00e9rature<\/li>\n<li>Fabriqu\u00e9 en France<\/li>\n<\/ul>\n<h4><strong>Zones d&#8217;\u00e9pilation \u00e0 la cire<\/strong><\/h4>\n<div>Excellent pour l&#8217;\u00e9pilation du maillot, la premi\u00e8re \u00e9pilation br\u00e9silienne, les aisselles<\/div>\n<p>&nbsp;<\/p>\n<h4><strong>Texture, couleur, parfum<\/strong><\/h4>\n<ul>\n<li>Texture cr\u00e9meuse<\/li>\n<li>Couleur turquoise<\/li>\n<li>Parfum floral doux<\/li>\n<\/ul>\n\t<div id=\"gap-1329069816\" class=\"gap-element clearfix\" style=\"display:block; height:auto;\">\n\t\t\n<style>\n#gap-1329069816 {\n  padding-top: 30px;\n}\n<\/style>\n\t<\/div>","protected":false},"featured_media":8276,"template":"","meta":[],"product_cat":[99,100,102,101],"product_tag":[],"class_list":{"0":"post-8846","1":"product","2":"type-product","3":"status-publish","4":"has-post-thumbnail","6":"product_cat-cire-sans-bandes","7":"product_cat-cire-specialisee","8":"product_cat-cirepil-fr","9":"product_cat-produits-intimes-vajacial","11":"first","12":"instock","13":"shipping-taxable","14":"product-type-variable","15":"has-default-attributes"},"jetpack_sharing_enabled":true,"_links":{"self":[{"href":"https:\/\/www.perron-rigot.org\/fr\/wp-json\/wp\/v2\/product\/8846"}],"collection":[{"href":"https:\/\/www.perron-rigot.org\/fr\/wp-json\/wp\/v2\/product"}],"about":[{"href":"https:\/\/www.perron-rigot.org\/fr\/wp-json\/wp\/v2\/types\/product"}],"wp:featuredmedia":[{"embeddable":true,"href":"https:\/\/www.perron-rigot.org\/fr\/wp-json\/wp\/v2\/media\/8276"}],"wp:attachment":[{"href":"https:\/\/www.perron-rigot.org\/fr\/wp-json\/wp\/v2\/media?parent=8846"}],"wp:term":[{"taxonomy":"product_cat","embeddable":true,"href":"https:\/\/www.perron-rigot.org\/fr\/wp-json\/wp\/v2\/product_cat?post=8846"},{"taxonomy":"product_tag","embeddable":true,"href":"https:\/\/www.perron-rigot.org\/fr\/wp-json\/wp\/v2\/product_tag?post=8846"}],"curies":[{"name":"wp","href":"https:\/\/api.w.org\/{rel}","templated":true}]}}