{"id":8840,"date":"2022-10-17T09:47:41","date_gmt":"2022-10-17T09:47:41","guid":{"rendered":"https:\/\/www.perron-rigot.org\/notre-engagement\/"},"modified":"2024-04-03T09:56:18","modified_gmt":"2024-04-03T09:56:18","slug":"notre-engagement","status":"publish","type":"page","link":"https:\/\/www.perron-rigot.org\/fr\/notre-engagement\/","title":{"rendered":"Notre engagement"},"content":{"rendered":"<div id=\"page-header-67020698\" class=\"page-header-wrapper\">\n  <div class=\"page-title light divided-title\">\n\n        <div class=\"page-title-bg\">\n      <div class=\"title-bg fill bg-fill\"\n        data-parallax-container=\".page-title\"\n        data-parallax-background\n data-parallax=\"-\">\n      <\/div>\n      <div class=\"title-overlay fill\"><\/div>\n    <\/div>\n    \n    <div class=\"page-title-inner container align-bottom flex-row medium-flex-wrap\" >\n              <div class=\"title-wrapper uppercase flex-col text-left medium-text-center\">\n          <h1 class=\"entry-title mb-0\">\n            NOS ENGAGEMENTS          <\/h1>\n        <\/div>\n                    <div class=\"title-content flex-col flex-right text-right medium-text-center\">\n        <div class=\"title-breadcrumbs pb-half pt-half\"><nav class=\"woocommerce-breadcrumb breadcrumbs uppercase\" data-no-translation=\"\" data-trp-gettext=\"\">Accueil<\/nav><\/div>      <\/div>\n    <\/div>\n\n     \n<style>\n#page-header-67020698 .page-title-inner {\n  min-height: 150px;\n}\n#page-header-67020698 .title-overlay {\n  background-color: rgb(255, 255, 255);\n}\n#page-header-67020698 {\n  background-color: rgb(255, 255, 255);\n}\n<\/style>\n  <\/div>\n  <div class=\"container header-wrapper-divider\"><hr\/><\/div>  <\/div>\n  \n\n\t<div id=\"gap-569923795\" class=\"gap-element clearfix hide-for-small\" style=\"display:block; height:auto;\">\n\t\t\n<style>\n#gap-569923795 {\n  padding-top: 50px;\n}\n<\/style>\n\t<\/div>\n\t\n\n\n\t<section class=\"section\" id=\"section_2118912660\">\n\t\t<div class=\"section-bg fill\" >\n\t\t\t\t\t\t\t\t\t\n\t\t\t\n\n\t\t<\/div>\n\n\t\t\n\n\t\t<div class=\"section-content relative\">\n\t\t\t\n\n<div class=\"row align-middle\"  id=\"row-691368517\">\n\n\n\t<div id=\"col-1233373576\" class=\"col medium-6 small-12 large-6\"  >\n\t\t\t\t<div class=\"col-inner\"  >\n\t\t\t\n\t\t\t\n\n\t<div id=\"text-255813288\" class=\"text show-for-small\">\n\t\t\n\n<h2>POUR LA PLAN\u00c8TE<\/h2>\n\t\t\n<style>\n#text-255813288 {\n  font-size: 1.25rem;\n}\n<\/style>\n\t<\/div>\n\t\n\t<div class=\"img has-hover x md-x lg-x y md-y lg-y\" id=\"image_2081032887\">\n\t\t\t\t\t\t\t\t<div class=\"img-inner dark\" >\n\t\t\t<img loading=\"lazy\" decoding=\"async\" width=\"1000\" height=\"1000\" src=\"https:\/\/i0.wp.com\/www.perron-rigot.org\/wp-content\/uploads\/2023\/11\/PR-ABEIES.jpg?resize=1000%2C1000&#038;ssl=1\" class=\"attachment-original size-original\" alt=\"\" srcset=\"https:\/\/i0.wp.com\/www.perron-rigot.org\/wp-content\/uploads\/2023\/11\/PR-ABEIES.jpg?w=1000&amp;ssl=1 1000w, https:\/\/i0.wp.com\/www.perron-rigot.org\/wp-content\/uploads\/2023\/11\/PR-ABEIES.jpg?resize=768%2C768&amp;ssl=1 768w, https:\/\/i0.wp.com\/www.perron-rigot.org\/wp-content\/uploads\/2023\/11\/PR-ABEIES.jpg?resize=300%2C300&amp;ssl=1 300w, https:\/\/i0.wp.com\/www.perron-rigot.org\/wp-content\/uploads\/2023\/11\/PR-ABEIES.jpg?resize=660%2C660&amp;ssl=1 660w, https:\/\/i0.wp.com\/www.perron-rigot.org\/wp-content\/uploads\/2023\/11\/PR-ABEIES.jpg?resize=100%2C100&amp;ssl=1 100w, https:\/\/i0.wp.com\/www.perron-rigot.org\/wp-content\/uploads\/2023\/11\/PR-ABEIES.jpg?resize=50%2C50&amp;ssl=1 50w\" sizes=\"(max-width: 1000px) 100vw, 1000px\" data-recalc-dims=\"1\" \/>\t\t\t\t\t\t\n\t\t\t\t\t<\/div>\n\t\t\t\t\t\t\t\t\n<style>\n#image_2081032887 {\n  width: 100%;\n}\n<\/style>\n\t<\/div>\n\t\n\n\n\t\t<\/div>\n\t\t\t\t\t<\/div>\n\n\t\n\n\t<div id=\"col-1803286272\" class=\"col medium-6 small-12 large-6\"  >\n\t\t\t\t<div class=\"col-inner\"  >\n\t\t\t\n\t\t\t\n\n\t<div id=\"text-3199103474\" class=\"text hide-for-small\">\n\t\t\n\n<h2><strong>ENVIRONNEMENT<\/strong><\/h2>\n\t\t\t<\/div>\n\t\n\t<div id=\"gap-555581875\" class=\"gap-element clearfix hide-for-small\" style=\"display:block; height:auto;\">\n\t\t\n<style>\n#gap-555581875 {\n  padding-top: 30px;\n}\n<\/style>\n\t<\/div>\n\t\n\n<p><strong><img loading=\"lazy\" decoding=\"async\" class=\"wp-image-3041 alignleft\" src=\"https:\/\/i0.wp.com\/www.perron-rigot.org\/wp-content\/uploads\/2023\/02\/eco-organic.png?resize=83%2C83&#038;ssl=1\" alt=\"\" width=\"83\" height=\"83\" srcset=\"https:\/\/i0.wp.com\/www.perron-rigot.org\/wp-content\/uploads\/2023\/02\/eco-organic.png?w=500&amp;ssl=1 500w, https:\/\/i0.wp.com\/www.perron-rigot.org\/wp-content\/uploads\/2023\/02\/eco-organic.png?resize=300%2C300&amp;ssl=1 300w, https:\/\/i0.wp.com\/www.perron-rigot.org\/wp-content\/uploads\/2023\/02\/eco-organic.png?resize=100%2C100&amp;ssl=1 100w\" sizes=\"(max-width: 83px) 100vw, 83px\" data-recalc-dims=\"1\" \/>PRODUCTION RESPECTUEUSE : <\/strong>une grande partie de nos cires utilisent des <strong>ingr\u00e9dients naturels et renouvelables<\/strong> qui contribuent \u00e0 l\u2019\u00e9quilibre de la plan\u00e8te. La cire d\u2019abeille, un produit 100% naturel, est r\u00e9cup\u00e9r\u00e9e apr\u00e8s son utilisation dans les ruches. Et la colophane (r\u00e9sine de pin) <strong>est r\u00e9colt\u00e9e dans le plus grand respect des arbres<\/strong>. Ainsi, nous participons \u00e0 l\u2019\u00e9cosyst\u00e8me en contribuant \u00e0 la plantation d\u2019arbres et en favorisant la biodiversit\u00e9 gr\u00e2ce aux abeilles.<strong><br \/><\/strong><\/p>\n<p>En tant que consommateur de cire d\u2019abeille et conscient de la probl\u00e9matique de l\u2019effondrement des colonies d\u2019abeilles et des cons\u00e9quences sur la fili\u00e8re et sur la biodiversit\u00e9, nous avons un <strong>partenariat avec l\u2019association Un toit pour les abeilles<\/strong>.Nous sponsorisons des apiculteurs fran\u00e7ais pour <strong>\u00e9lever et prot\u00e9ger des colonies d\u2019abeilles.<\/strong><\/p>\n\n\t\t<\/div>\n\t\t\t\t\t<\/div>\n\n\t\n\n<\/div>\n<div class=\"row align-middle hide-for-small\"  id=\"row-1180824648\">\n\n\n\t<div id=\"col-29306805\" class=\"col medium-6 small-12 large-6\"  >\n\t\t\t\t<div class=\"col-inner\"  >\n\t\t\t\n\t\t\t\n\n<h2><strong>HUMAIN<\/strong><\/h2>\n\t<div id=\"gap-232317216\" class=\"gap-element clearfix\" style=\"display:block; height:auto;\">\n\t\t\n<style>\n#gap-232317216 {\n  padding-top: 30px;\n}\n<\/style>\n\t<\/div>\n\t\n\n<p><strong>PROXIMIT\u00c9 : ENTREPRISE FAMILIALE<\/strong>. Tr\u00e8s pr\u00e9sente aux c\u00f4t\u00e9s de ses partenaires. Avec une envie sinc\u00e8re de servir et d\u2019accompagner.<\/p>\n<p><strong>DIVERSIT\u00c9, \u00c9QUIT\u00c9 &amp; INCLUSION<\/strong> : Diversit\u00e9 culturelle et sociale, employabilit\u00e9 des jeunes et gestion multig\u00e9n\u00e9rationnelle des effectifs. Egalit\u00e9 des sexes en mati\u00e8re de r\u00e9mun\u00e9ration.<\/p>\n<p><strong>PRENDRE SOIN DE NOS EMPLOY\u00c9S<\/strong> : Encourager une communication ouverte et une vraie transparence, soutenir l\u2019\u00e9volution de carri\u00e8re, planifier des moments de partage.<\/p>\n\n\t\t<\/div>\n\t\t\t\t\t<\/div>\n\n\t\n\n\t<div id=\"col-2093327476\" class=\"col medium-6 small-12 large-6\"  >\n\t\t\t\t<div class=\"col-inner\"  >\n\t\t\t\n\t\t\t\n\n\t<div class=\"img has-hover x md-x lg-x y md-y lg-y\" id=\"image_1431126754\">\n\t\t\t\t\t\t\t\t<div class=\"img-inner dark\" >\n\t\t\t<img loading=\"lazy\" decoding=\"async\" width=\"1000\" height=\"1000\" src=\"https:\/\/i0.wp.com\/www.perron-rigot.org\/wp-content\/uploads\/2023\/11\/PR-OUR-COMMITMETS-PLANET-01.jpg?resize=1000%2C1000&#038;ssl=1\" class=\"attachment-original size-original\" alt=\"OUR COMMITMENTS\" srcset=\"https:\/\/i0.wp.com\/www.perron-rigot.org\/wp-content\/uploads\/2023\/11\/PR-OUR-COMMITMETS-PLANET-01.jpg?w=1000&amp;ssl=1 1000w, https:\/\/i0.wp.com\/www.perron-rigot.org\/wp-content\/uploads\/2023\/11\/PR-OUR-COMMITMETS-PLANET-01.jpg?resize=768%2C768&amp;ssl=1 768w, https:\/\/i0.wp.com\/www.perron-rigot.org\/wp-content\/uploads\/2023\/11\/PR-OUR-COMMITMETS-PLANET-01.jpg?resize=300%2C300&amp;ssl=1 300w, https:\/\/i0.wp.com\/www.perron-rigot.org\/wp-content\/uploads\/2023\/11\/PR-OUR-COMMITMETS-PLANET-01.jpg?resize=660%2C660&amp;ssl=1 660w, https:\/\/i0.wp.com\/www.perron-rigot.org\/wp-content\/uploads\/2023\/11\/PR-OUR-COMMITMETS-PLANET-01.jpg?resize=100%2C100&amp;ssl=1 100w, https:\/\/i0.wp.com\/www.perron-rigot.org\/wp-content\/uploads\/2023\/11\/PR-OUR-COMMITMETS-PLANET-01.jpg?resize=50%2C50&amp;ssl=1 50w\" sizes=\"(max-width: 1000px) 100vw, 1000px\" data-recalc-dims=\"1\" \/>\t\t\t\t\t\t\n\t\t\t\t\t<\/div>\n\t\t\t\t\t\t\t\t\n<style>\n#image_1431126754 {\n  width: 100%;\n}\n<\/style>\n\t<\/div>\n\t\n\n\n\t\t<\/div>\n\t\t\t\t\t<\/div>\n\n\t\n\n<\/div>\n<div class=\"row align-middle show-for-small\"  id=\"row-1396490443\">\n\n\n\t<div id=\"col-1558812068\" class=\"col medium-6 small-12 large-6\"  >\n\t\t\t\t<div class=\"col-inner\"  >\n\t\t\t\n\t\t\t\n\n\t<div id=\"text-2883325864\" class=\"text\">\n\t\t\n\n<h2><strong>POUR LE PEUPLE<\/strong><\/h2>\n\t\t\n<style>\n#text-2883325864 {\n  font-size: 1.25rem;\n}\n<\/style>\n\t<\/div>\n\t\n\t<div class=\"img has-hover x md-x lg-x y md-y lg-y\" id=\"image_716346884\">\n\t\t\t\t\t\t\t\t<div class=\"img-inner dark\" >\n\t\t\t<img loading=\"lazy\" decoding=\"async\" width=\"1000\" height=\"1000\" src=\"https:\/\/i0.wp.com\/www.perron-rigot.org\/wp-content\/uploads\/2023\/11\/PR-OUR-COMMITMETS-PLANET-01.jpg?resize=1000%2C1000&#038;ssl=1\" class=\"attachment-original size-original\" alt=\"OUR COMMITMENTS\" srcset=\"https:\/\/i0.wp.com\/www.perron-rigot.org\/wp-content\/uploads\/2023\/11\/PR-OUR-COMMITMETS-PLANET-01.jpg?w=1000&amp;ssl=1 1000w, https:\/\/i0.wp.com\/www.perron-rigot.org\/wp-content\/uploads\/2023\/11\/PR-OUR-COMMITMETS-PLANET-01.jpg?resize=768%2C768&amp;ssl=1 768w, https:\/\/i0.wp.com\/www.perron-rigot.org\/wp-content\/uploads\/2023\/11\/PR-OUR-COMMITMETS-PLANET-01.jpg?resize=300%2C300&amp;ssl=1 300w, https:\/\/i0.wp.com\/www.perron-rigot.org\/wp-content\/uploads\/2023\/11\/PR-OUR-COMMITMETS-PLANET-01.jpg?resize=660%2C660&amp;ssl=1 660w, https:\/\/i0.wp.com\/www.perron-rigot.org\/wp-content\/uploads\/2023\/11\/PR-OUR-COMMITMETS-PLANET-01.jpg?resize=100%2C100&amp;ssl=1 100w, https:\/\/i0.wp.com\/www.perron-rigot.org\/wp-content\/uploads\/2023\/11\/PR-OUR-COMMITMETS-PLANET-01.jpg?resize=50%2C50&amp;ssl=1 50w\" sizes=\"(max-width: 1000px) 100vw, 1000px\" data-recalc-dims=\"1\" \/>\t\t\t\t\t\t\n\t\t\t\t\t<\/div>\n\t\t\t\t\t\t\t\t\n<style>\n#image_716346884 {\n  width: 100%;\n}\n<\/style>\n\t<\/div>\n\t\n\n\n\t\t<\/div>\n\t\t\t\t\t<\/div>\n\n\t\n\n\t<div id=\"col-1706327749\" class=\"col medium-6 small-12 large-6\"  >\n\t\t\t\t<div class=\"col-inner\"  >\n\t\t\t\n\t\t\t\n\n<p><strong>Prendre soin des employ\u00e9s :<\/strong> Encourager une communication ouverte, soutenir l&#8217;\u00e9volution de carri\u00e8re, pr\u00e9voir des moments de convivialit\u00e9, \u00eatre transparent&#8230;<\/p>\n<p><strong>Proximit\u00e9 :<\/strong> Entreprise familiale &#8211; Pr\u00e9sence \u00e0 chaque instant et d\u00e9sir sinc\u00e8re de servir et de guider.<\/p>\n<p><strong>Diversit\u00e9, \u00e9quit\u00e9 et inclusion : <\/strong>Diversit\u00e9 culturelle et sociale, employabilit\u00e9 des jeunes et gestion de la main-d&#8217;\u0153uvre multig\u00e9n\u00e9rationnelle, \u00e9galit\u00e9 des sexes en mati\u00e8re de r\u00e9mun\u00e9ration.<\/p>\n\n\t\t<\/div>\n\t\t\t\t\t<\/div>\n\n\t\n\n<\/div>\n<div class=\"row align-middle\"  id=\"row-1781520752\">\n\n\n\t<div id=\"col-1060401370\" class=\"col medium-6 small-12 large-6\"  >\n\t\t\t\t<div class=\"col-inner\"  >\n\t\t\t\n\t\t\t\n\n\t<div id=\"text-3085641845\" class=\"text show-for-small\">\n\t\t\n\n<h2><strong>POUR LES PRODUITS<\/strong><\/h2>\n\t\t\n<style>\n#text-3085641845 {\n  font-size: 1.25rem;\n}\n<\/style>\n\t<\/div>\n\t\n\t<div class=\"img has-hover x md-x lg-x y md-y lg-y\" id=\"image_2054182979\">\n\t\t\t\t\t\t\t\t<div class=\"img-inner dark\" >\n\t\t\t<img loading=\"lazy\" decoding=\"async\" width=\"1000\" height=\"1000\" src=\"https:\/\/i0.wp.com\/www.perron-rigot.org\/wp-content\/uploads\/2022\/10\/photos-site-corpo-1000x1000-px.jpg?resize=1000%2C1000&#038;ssl=1\" class=\"attachment-original size-original\" alt=\"boudoir\" srcset=\"https:\/\/i0.wp.com\/www.perron-rigot.org\/wp-content\/uploads\/2022\/10\/photos-site-corpo-1000x1000-px.jpg?w=1000&amp;ssl=1 1000w, https:\/\/i0.wp.com\/www.perron-rigot.org\/wp-content\/uploads\/2022\/10\/photos-site-corpo-1000x1000-px.jpg?resize=768%2C768&amp;ssl=1 768w, https:\/\/i0.wp.com\/www.perron-rigot.org\/wp-content\/uploads\/2022\/10\/photos-site-corpo-1000x1000-px.jpg?resize=12%2C12&amp;ssl=1 12w, https:\/\/i0.wp.com\/www.perron-rigot.org\/wp-content\/uploads\/2022\/10\/photos-site-corpo-1000x1000-px.jpg?resize=300%2C300&amp;ssl=1 300w, https:\/\/i0.wp.com\/www.perron-rigot.org\/wp-content\/uploads\/2022\/10\/photos-site-corpo-1000x1000-px.jpg?resize=660%2C660&amp;ssl=1 660w, https:\/\/i0.wp.com\/www.perron-rigot.org\/wp-content\/uploads\/2022\/10\/photos-site-corpo-1000x1000-px.jpg?resize=100%2C100&amp;ssl=1 100w, https:\/\/i0.wp.com\/www.perron-rigot.org\/wp-content\/uploads\/2022\/10\/photos-site-corpo-1000x1000-px.jpg?resize=50%2C50&amp;ssl=1 50w\" sizes=\"(max-width: 1000px) 100vw, 1000px\" data-recalc-dims=\"1\" \/>\t\t\t\t\t\t\n\t\t\t\t\t<\/div>\n\t\t\t\t\t\t\t\t\n<style>\n#image_2054182979 {\n  width: 100%;\n}\n<\/style>\n\t<\/div>\n\t\n\n\n\t\t<\/div>\n\t\t\t\t\t<\/div>\n\n\t\n\n\t<div id=\"col-1638995749\" class=\"col medium-6 small-12 large-6\"  >\n\t\t\t\t<div class=\"col-inner\"  >\n\t\t\t\n\t\t\t\n\n\t<div id=\"text-2318152546\" class=\"text hide-for-small\">\n\t\t\n\n<h2><strong>\u00a0PRODUITS<\/strong><\/h2>\n\t\t\t<\/div>\n\t\n\t<div id=\"gap-136418043\" class=\"gap-element clearfix hide-for-small\" style=\"display:block; height:auto;\">\n\t\t\n<style>\n#gap-136418043 {\n  padding-top: 20px;\n}\n<\/style>\n\t<\/div>\n\t\n\n<p><strong><img loading=\"lazy\" decoding=\"async\" class=\"wp-image-3009 alignleft\" src=\"https:\/\/i0.wp.com\/www.perron-rigot.org\/wp-content\/uploads\/2023\/02\/our-values-03.jpg?resize=121%2C121&#038;ssl=1\" alt=\"nos valeurs : l'\u00e9co-conception\" width=\"121\" height=\"121\" srcset=\"https:\/\/i0.wp.com\/www.perron-rigot.org\/wp-content\/uploads\/2023\/02\/our-values-03.jpg?w=1000&amp;ssl=1 1000w, https:\/\/i0.wp.com\/www.perron-rigot.org\/wp-content\/uploads\/2023\/02\/our-values-03.jpg?resize=300%2C300&amp;ssl=1 300w, https:\/\/i0.wp.com\/www.perron-rigot.org\/wp-content\/uploads\/2023\/02\/our-values-03.jpg?resize=100%2C100&amp;ssl=1 100w, https:\/\/i0.wp.com\/www.perron-rigot.org\/wp-content\/uploads\/2023\/02\/our-values-03.jpg?resize=660%2C660&amp;ssl=1 660w, https:\/\/i0.wp.com\/www.perron-rigot.org\/wp-content\/uploads\/2023\/02\/our-values-03.jpg?resize=768%2C768&amp;ssl=1 768w\" sizes=\"(max-width: 121px) 100vw, 121px\" data-recalc-dims=\"1\" \/>QUALIT\u00c9 ET S\u00c9CURIT\u00c9 DES PRODUITS\u00a0<\/strong><\/p>\n<p>Nous garantissons une qualit\u00e9 irr\u00e9prochable de nos cires gr\u00e2ce \u00e0 notre s\u00e9lection des <strong>meilleures mati\u00e8res premi\u00e8res<\/strong>, \u00e0 une <strong>r\u00e9glementation europ\u00e9enne stricte<\/strong>, et aux processus de production audit\u00e9s. Notre <strong>usine fran\u00e7aise est audit\u00e9e chaque ann\u00e9e pour \u00eatre certifi\u00e9e ECOCERT.<\/strong><\/p>\n<p><strong>UN PACKAGING ECO-RESPONSABLE\u00a0<\/strong><\/p>\n<p>Nous avons repens\u00e9 nos sachets de cire, avec une nouvelle mati\u00e8re permettant d\u2019avoir un <strong>emballage 100% recyclable.<\/strong> Nos bo\u00eetes de cire sont \u00e9galement enti\u00e8rement recyclables<\/p>\n\n\t\t<\/div>\n\t\t\t\t\t<\/div>\n\n\t\n\n<\/div>\n\n\t\t<\/div>\n\n\t\t\n<style>\n#section_2118912660 {\n  padding-top: 0px;\n  padding-bottom: 0px;\n}\n<\/style>\n\t<\/section>\n\t\n\n\t<div id=\"gap-1673163134\" class=\"gap-element clearfix\" style=\"display:block; height:auto;\">\n\t\t\n<style>\n#gap-1673163134 {\n  padding-top: 50px;\n}\n<\/style>\n\t<\/div>","protected":false},"excerpt":{"rendered":"","protected":false},"author":1,"featured_media":0,"parent":0,"menu_order":0,"comment_status":"closed","ping_status":"closed","template":"page-blank.php","meta":{"footnotes":""},"class_list":["post-8840","page","type-page","status-publish","hentry"],"jetpack_sharing_enabled":true,"_links":{"self":[{"href":"https:\/\/www.perron-rigot.org\/fr\/wp-json\/wp\/v2\/pages\/8840"}],"collection":[{"href":"https:\/\/www.perron-rigot.org\/fr\/wp-json\/wp\/v2\/pages"}],"about":[{"href":"https:\/\/www.perron-rigot.org\/fr\/wp-json\/wp\/v2\/types\/page"}],"author":[{"embeddable":true,"href":"https:\/\/www.perron-rigot.org\/fr\/wp-json\/wp\/v2\/users\/1"}],"replies":[{"embeddable":true,"href":"https:\/\/www.perron-rigot.org\/fr\/wp-json\/wp\/v2\/comments?post=8840"}],"version-history":[{"count":9,"href":"https:\/\/www.perron-rigot.org\/fr\/wp-json\/wp\/v2\/pages\/8840\/revisions"}],"predecessor-version":[{"id":9178,"href":"https:\/\/www.perron-rigot.org\/fr\/wp-json\/wp\/v2\/pages\/8840\/revisions\/9178"}],"wp:attachment":[{"href":"https:\/\/www.perron-rigot.org\/fr\/wp-json\/wp\/v2\/media?parent=8840"}],"curies":[{"name":"wp","href":"https:\/\/api.w.org\/{rel}","templated":true}]}}