{"id":8838,"date":"2023-02-23T20:42:21","date_gmt":"2023-02-23T20:42:21","guid":{"rendered":"https:\/\/www.perron-rigot.org\/faire-de-lepilation-a-la-cire-un-traitement-complet\/"},"modified":"2024-04-05T12:43:28","modified_gmt":"2024-04-05T12:43:28","slug":"faire-de-lepilation-a-la-cire-un-traitement-complet","status":"publish","type":"page","link":"https:\/\/www.perron-rigot.org\/fr\/faire-de-lepilation-a-la-cire-un-traitement-complet\/","title":{"rendered":"un traitement complet"},"content":{"rendered":"<div id=\"page-header-1212774562\" class=\"page-header-wrapper\">\n  <div class=\"page-title light divided-title\">\n\n        <div class=\"page-title-bg\">\n      <div class=\"title-bg fill bg-fill\"\n        data-parallax-container=\".page-title\"\n        data-parallax-background\n data-parallax=\"-\">\n      <\/div>\n      <div class=\"title-overlay fill\"><\/div>\n    <\/div>\n    \n    <div class=\"page-title-inner container align-bottom flex-row medium-flex-wrap\" >\n              <div class=\"title-wrapper uppercase is-small flex-col text-left medium-text-center\">\n          <h1 class=\"entry-title mb-0\">\n            FAIRE DE L'\u00c9PILATION UN SOIN          <\/h1>\n        <\/div>\n                    <div class=\"title-content flex-col flex-right text-right medium-text-center\">\n        <div class=\"title-breadcrumbs pb-half pt-half\"><nav class=\"woocommerce-breadcrumb breadcrumbs uppercase\" data-no-translation=\"\" data-trp-gettext=\"\">Accueil<\/nav><\/div>      <\/div>\n    <\/div>\n\n     \n<style>\n#page-header-1212774562 .page-title-inner {\n  min-height: 100px;\n}\n#page-header-1212774562 .title-overlay {\n  background-color: rgb(255, 255, 255);\n}\n#page-header-1212774562 {\n  background-color: rgb(255, 255, 255);\n}\n@media (min-width:550px) {\n  #page-header-1212774562 .page-title-inner {\n    min-height: 150px;\n  }\n}\n<\/style>\n  <\/div>\n  <div class=\"container header-wrapper-divider\"><hr\/><\/div>  <\/div>\n  \n\n\t<div id=\"gap-724028837\" class=\"gap-element clearfix hide-for-small\" style=\"display:block; height:auto;\">\n\t\t\n<style>\n#gap-724028837 {\n  padding-top: 50px;\n}\n<\/style>\n\t<\/div>\n\t\n\n\n\t<section class=\"section\" id=\"section_863895668\">\n\t\t<div class=\"section-bg fill\" >\n\t\t\t\t\t\t\t\t\t\n\t\t\t\n\n\t\t<\/div>\n\n\t\t\n\n\t\t<div class=\"section-content relative\">\n\t\t\t\n\n<div class=\"row align-middle\"  id=\"row-1403515412\">\n\n\n\t<div id=\"col-1426013483\" class=\"col medium-6 small-12 large-6\"  >\n\t\t\t\t<div class=\"col-inner\"  >\n\t\t\t\n\t\t\t\n\n\t<div id=\"text-2902273178\" class=\"text show-for-small\">\n\t\t\n\n<h2>L&#8217;EXP\u00c9RIENCE DE L&#8217;\u00c9PILATION \u00c0 LA CIRE DE PERRON RIGOT<\/h2>\n\t\t\n<style>\n#text-2902273178 {\n  font-size: 1.25rem;\n}\n<\/style>\n\t<\/div>\n\t\n\t<div class=\"img has-hover x md-x lg-x y md-y lg-y\" id=\"image_42355\">\n\t\t\t\t\t\t\t\t<div class=\"img-inner dark\" >\n\t\t\t<img loading=\"lazy\" decoding=\"async\" width=\"1000\" height=\"1000\" src=\"https:\/\/i0.wp.com\/www.perron-rigot.org\/wp-content\/uploads\/2023\/01\/why-pr-04.jpg?resize=1000%2C1000&#038;ssl=1\" class=\"attachment-original size-original\" alt=\"\" srcset=\"https:\/\/i0.wp.com\/www.perron-rigot.org\/wp-content\/uploads\/2023\/01\/why-pr-04.jpg?w=1000&amp;ssl=1 1000w, https:\/\/i0.wp.com\/www.perron-rigot.org\/wp-content\/uploads\/2023\/01\/why-pr-04.jpg?resize=300%2C300&amp;ssl=1 300w, https:\/\/i0.wp.com\/www.perron-rigot.org\/wp-content\/uploads\/2023\/01\/why-pr-04.jpg?resize=100%2C100&amp;ssl=1 100w, https:\/\/i0.wp.com\/www.perron-rigot.org\/wp-content\/uploads\/2023\/01\/why-pr-04.jpg?resize=660%2C660&amp;ssl=1 660w, https:\/\/i0.wp.com\/www.perron-rigot.org\/wp-content\/uploads\/2023\/01\/why-pr-04.jpg?resize=768%2C768&amp;ssl=1 768w\" sizes=\"(max-width: 1000px) 100vw, 1000px\" data-recalc-dims=\"1\" \/>\t\t\t\t\t\t\n\t\t\t\t\t<\/div>\n\t\t\t\t\t\t\t\t\n<style>\n#image_42355 {\n  width: 100%;\n}\n<\/style>\n\t<\/div>\n\t\n\n\n\t\t<\/div>\n\t\t\t\t\t<\/div>\n\n\t\n\n\t<div id=\"col-1950857245\" class=\"col medium-6 small-12 large-6\"  >\n\t\t\t\t<div class=\"col-inner\"  >\n\t\t\t\n\t\t\t\n\n\t<div id=\"text-405760355\" class=\"text hide-for-small\">\n\t\t\n\n<h2><strong>L&#8217;EXP\u00c9RIENCE DE L&#8217;\u00c9PILATION \u00c0 LA CIRE DE PERRON RIGOT<\/strong><\/h2>\n\t\t\t<\/div>\n\t\n\t<div id=\"gap-1834766633\" class=\"gap-element clearfix hide-for-small\" style=\"display:block; height:auto;\">\n\t\t\n<style>\n#gap-1834766633 {\n  padding-top: 30px;\n}\n@media (min-width:550px) {\n  #gap-1834766633 {\n    padding-top: 30px;\n  }\n}\n<\/style>\n\t<\/div>\n\t\n\n<p>Chaque jour, nous mettons tout en \u0153uvre pour faire de l&#8217;\u00e9pilation \u00e0 la cire une exp\u00e9rience positive et agr\u00e9able. Il devient urgent que l&#8217;\u00e9pilation \u00e0 la cire prenne l\u00e9gitimement sa place dans la sph\u00e8re des soins de beaut\u00e9 et s&#8217;affirme comme un v\u00e9ritable moment privil\u00e9gi\u00e9 \u00e0 partager avec une esth\u00e9ticienne ou \u00e0 vivre soi-m\u00eame.<\/p>\n<p>\n\n\t\t<\/div>\n\t\t\t\t\t<\/div>\n\n\t\n\n<\/div>\n<div class=\"row align-middle hide-for-small\"  id=\"row-371898552\">\n\n\n\t<div id=\"col-1886028816\" class=\"col medium-6 small-12 large-6\"  >\n\t\t\t\t<div class=\"col-inner\"  >\n\t\t\t\n\t\t\t\n\n<\/p>\n<h2><strong>LE PROTOCOLE D&#8217;\u00c9PILATION \u00c0 LA CIRE DE PERRON RIGOT<\/strong><\/h2>\n\t<div id=\"gap-851670145\" class=\"gap-element clearfix\" style=\"display:block; height:auto;\">\n\t\t\n<style>\n#gap-851670145 {\n  padding-top: 30px;\n}\n<\/style>\n\t<\/div>\n\t\n\n<p>Plus qu&#8217;une \u00e9pilation, Perron Rigot Professionnel vous propose, Ce soin de beaut\u00e9 simple et complet vous permet d&#8217;obtenir des soins in\u00e9gal\u00e9s, un confort garanti et des r\u00e9sultats optimaux.<\/p>\n<ul>\n<li><strong>Diagnostic de la peau et des cheveux :<\/strong> Diagnostic de la peau et des cheveux effectu\u00e9 au pr\u00e9alable afin de r\u00e9pondre aux attentes du client.<\/li>\n<li>Pr\u00e9paration de la zone \u00e0 <strong>\u00e9piler : <\/strong>pr\u00e9paration de la zone \u00e0 \u00e9piler \u00e0 l&#8217;aide de produits de pr\u00e9-\u00e9pilation, pour un service plus rapide et plus efficace.<\/li>\n<li><strong>\u00c9pilation de la zone :<\/strong> \u00c9pilation de la zone \u00e0 l&#8217;aide de la cire la plus adapt\u00e9e.<\/li>\n<li><strong>Soins post-\u00e9pilation :<\/strong> Les soins post-\u00e9pilation permettent d&#8217;assainir et de parfaire l&#8217;\u00e9pilation \u00e0 l&#8217;aide de produits.<\/li>\n<li><strong>Traitement sur mesure :<\/strong> Soins post-\u00e9pilation pour assainir et parfaire l&#8217;\u00e9pilation \u00e0 l&#8217;aide de produits.<\/li>\n<li><strong>Ordonnance de beaut\u00e9 :<\/strong> Ordonnance de beaut\u00e9 \u00e0 remettre au client afin de mettre en place un rituel de soins \u00e0 domicile, qui l&#8217;aidera \u00e0 maintenir et \u00e0 optimiser les r\u00e9sultats entre deux s\u00e9ances.<\/li>\n<\/ul>\n\n\t\t<\/div>\n\t\t\t\t\t<\/div>\n\n\t\n\n\t<div id=\"col-596483329\" class=\"col medium-6 small-12 large-6\"  >\n\t\t\t\t<div class=\"col-inner\"  >\n\t\t\t\n\t\t\t\n\n\t<div class=\"img has-hover x md-x lg-x y md-y lg-y\" id=\"image_1793586144\">\n\t\t\t\t\t\t\t\t<div class=\"img-inner dark\" >\n\t\t\t<img loading=\"lazy\" decoding=\"async\" width=\"1000\" height=\"1000\" src=\"https:\/\/i0.wp.com\/www.perron-rigot.org\/wp-content\/uploads\/2023\/01\/why-pr-02.jpg?resize=1000%2C1000&#038;ssl=1\" class=\"attachment-original size-original\" alt=\"\" srcset=\"https:\/\/i0.wp.com\/www.perron-rigot.org\/wp-content\/uploads\/2023\/01\/why-pr-02.jpg?w=1000&amp;ssl=1 1000w, https:\/\/i0.wp.com\/www.perron-rigot.org\/wp-content\/uploads\/2023\/01\/why-pr-02.jpg?resize=300%2C300&amp;ssl=1 300w, https:\/\/i0.wp.com\/www.perron-rigot.org\/wp-content\/uploads\/2023\/01\/why-pr-02.jpg?resize=100%2C100&amp;ssl=1 100w, https:\/\/i0.wp.com\/www.perron-rigot.org\/wp-content\/uploads\/2023\/01\/why-pr-02.jpg?resize=660%2C660&amp;ssl=1 660w, https:\/\/i0.wp.com\/www.perron-rigot.org\/wp-content\/uploads\/2023\/01\/why-pr-02.jpg?resize=768%2C768&amp;ssl=1 768w\" sizes=\"(max-width: 1000px) 100vw, 1000px\" data-recalc-dims=\"1\" \/>\t\t\t\t\t\t\n\t\t\t\t\t<\/div>\n\t\t\t\t\t\t\t\t\n<style>\n#image_1793586144 {\n  width: 100%;\n}\n<\/style>\n\t<\/div>\n\t\n\n\n\t\t<\/div>\n\t\t\t\t\t<\/div>\n\n\t\n\n<\/div>\n<div class=\"row align-middle show-for-small\"  id=\"row-313549811\">\n\n\n\t<div id=\"col-1125322305\" class=\"col medium-6 small-12 large-6\"  >\n\t\t\t\t<div class=\"col-inner\"  >\n\t\t\t\n\t\t\t\n\n\t<div id=\"text-123814446\" class=\"text show-for-small\">\n\t\t\n\n<h2>LE PROTOCOLE D&#8217;\u00c9PILATION \u00c0 LA CIRE DE PERRON RIGOT<\/h2>\n\t\t\n<style>\n#text-123814446 {\n  font-size: 1.25rem;\n}\n<\/style>\n\t<\/div>\n\t\n\t<div class=\"img has-hover x md-x lg-x y md-y lg-y\" id=\"image_2017746608\">\n\t\t\t\t\t\t\t\t<div class=\"img-inner dark\" >\n\t\t\t<img loading=\"lazy\" decoding=\"async\" width=\"1000\" height=\"1000\" src=\"https:\/\/i0.wp.com\/www.perron-rigot.org\/wp-content\/uploads\/2023\/01\/why-pr-02.jpg?resize=1000%2C1000&#038;ssl=1\" class=\"attachment-original size-original\" alt=\"\" srcset=\"https:\/\/i0.wp.com\/www.perron-rigot.org\/wp-content\/uploads\/2023\/01\/why-pr-02.jpg?w=1000&amp;ssl=1 1000w, https:\/\/i0.wp.com\/www.perron-rigot.org\/wp-content\/uploads\/2023\/01\/why-pr-02.jpg?resize=300%2C300&amp;ssl=1 300w, https:\/\/i0.wp.com\/www.perron-rigot.org\/wp-content\/uploads\/2023\/01\/why-pr-02.jpg?resize=100%2C100&amp;ssl=1 100w, https:\/\/i0.wp.com\/www.perron-rigot.org\/wp-content\/uploads\/2023\/01\/why-pr-02.jpg?resize=660%2C660&amp;ssl=1 660w, https:\/\/i0.wp.com\/www.perron-rigot.org\/wp-content\/uploads\/2023\/01\/why-pr-02.jpg?resize=768%2C768&amp;ssl=1 768w\" sizes=\"(max-width: 1000px) 100vw, 1000px\" data-recalc-dims=\"1\" \/>\t\t\t\t\t\t\n\t\t\t\t\t<\/div>\n\t\t\t\t\t\t\t\t\n<style>\n#image_2017746608 {\n  width: 100%;\n}\n<\/style>\n\t<\/div>\n\t\n\n\n\t\t<\/div>\n\t\t\t\t\t<\/div>\n\n\t\n\n\t<div id=\"col-1324826197\" class=\"col medium-6 small-12 large-6\"  >\n\t\t\t\t<div class=\"col-inner\"  >\n\t\t\t\n\t\t\t\n\n<p>Plus qu&#8217;une \u00e9pilation, Perron Rigot Professionnel vous propose, Ce soin de beaut\u00e9 simple et complet vous permet d&#8217;obtenir des soins in\u00e9gal\u00e9s, un confort garanti et des r\u00e9sultats optimaux.<\/p>\n<ul>\n<li><strong>Diagnostic de la peau et des cheveux :<\/strong> Diagnostic de la peau et des cheveux effectu\u00e9 au pr\u00e9alable afin de r\u00e9pondre aux attentes du client.<\/li>\n<li>Pr\u00e9paration de la zone \u00e0 <strong>\u00e9piler : <\/strong>pr\u00e9paration de la zone \u00e0 \u00e9piler \u00e0 l&#8217;aide de produits de pr\u00e9-\u00e9pilation, pour un service plus rapide et plus efficace.<\/li>\n<li><strong>\u00c9pilation de la zone :<\/strong> \u00c9pilation de la zone \u00e0 l&#8217;aide de la cire la plus adapt\u00e9e.<\/li>\n<li><strong>Soins post-\u00e9pilation :<\/strong> Les soins post-\u00e9pilation permettent d&#8217;assainir et de parfaire l&#8217;\u00e9pilation \u00e0 l&#8217;aide de produits.<\/li>\n<li><strong>Traitement sur mesure :<\/strong> Soins post-\u00e9pilation pour assainir et parfaire l&#8217;\u00e9pilation \u00e0 l&#8217;aide de produits.<\/li>\n<li><strong>Ordonnance de beaut\u00e9 :<\/strong> Ordonnance de beaut\u00e9 \u00e0 remettre au client afin de mettre en place un rituel de soins \u00e0 domicile, qui l&#8217;aidera \u00e0 maintenir et \u00e0 optimiser les r\u00e9sultats entre deux s\u00e9ances.<\/li>\n<\/ul>\n\n\t\t<\/div>\n\t\t\t\t\t<\/div>\n\n\t\n\n<\/div>\n\t<div id=\"gap-1583604184\" class=\"gap-element clearfix hide-for-small\" style=\"display:block; height:auto;\">\n\t\t\n<style>\n#gap-1583604184 {\n  padding-top: 50px;\n}\n<\/style>\n\t<\/div>\n\t\n\n\n\t\t<\/div>\n\n\t\t\n<style>\n#section_863895668 {\n  padding-top: 0px;\n  padding-bottom: 0px;\n}\n<\/style>\n\t<\/section>","protected":false},"excerpt":{"rendered":"","protected":false},"author":1,"featured_media":0,"parent":0,"menu_order":0,"comment_status":"closed","ping_status":"closed","template":"page-blank.php","meta":{"footnotes":""},"class_list":["post-8838","page","type-page","status-publish","hentry"],"jetpack_sharing_enabled":true,"_links":{"self":[{"href":"https:\/\/www.perron-rigot.org\/fr\/wp-json\/wp\/v2\/pages\/8838"}],"collection":[{"href":"https:\/\/www.perron-rigot.org\/fr\/wp-json\/wp\/v2\/pages"}],"about":[{"href":"https:\/\/www.perron-rigot.org\/fr\/wp-json\/wp\/v2\/types\/page"}],"author":[{"embeddable":true,"href":"https:\/\/www.perron-rigot.org\/fr\/wp-json\/wp\/v2\/users\/1"}],"replies":[{"embeddable":true,"href":"https:\/\/www.perron-rigot.org\/fr\/wp-json\/wp\/v2\/comments?post=8838"}],"version-history":[{"count":4,"href":"https:\/\/www.perron-rigot.org\/fr\/wp-json\/wp\/v2\/pages\/8838\/revisions"}],"predecessor-version":[{"id":9267,"href":"https:\/\/www.perron-rigot.org\/fr\/wp-json\/wp\/v2\/pages\/8838\/revisions\/9267"}],"wp:attachment":[{"href":"https:\/\/www.perron-rigot.org\/fr\/wp-json\/wp\/v2\/media?parent=8838"}],"curies":[{"name":"wp","href":"https:\/\/api.w.org\/{rel}","templated":true}]}}